{"id":2769,"date":"2021-01-27T14:26:01","date_gmt":"2021-01-27T14:26:01","guid":{"rendered":"https:\/\/torrefacteursansfrontiere.com\/faq\/"},"modified":"2025-02-17T15:16:18","modified_gmt":"2025-02-17T20:16:18","slug":"faq","status":"publish","type":"page","link":"https:\/\/torrefacteursansfrontiere.com\/en\/faq\/","title":{"rendered":"FAQ"},"content":{"rendered":"<div class=\"fusion-fullwidth fullwidth-box fusion-builder-row-1 fusion-flex-container nonhundred-percent-fullwidth non-hundred-percent-height-scrolling\" style=\"--awb-border-radius-top-left:0px;--awb-border-radius-top-right:0px;--awb-border-radius-bottom-right:0px;--awb-border-radius-bottom-left:0px;--awb-flex-wrap:wrap;\" ><div class=\"fusion-builder-row fusion-row fusion-flex-align-items-flex-start fusion-flex-content-wrap\" style=\"max-width:1185.6px;margin-left: calc(-4% \/ 2 );margin-right: calc(-4% \/ 2 );\"><div class=\"fusion-layout-column fusion_builder_column fusion-builder-column-0 fusion_builder_column_1_1 1_1 fusion-flex-column\" style=\"--awb-bg-size:cover;--awb-width-large:100%;--awb-margin-top-large:0px;--awb-spacing-right-large:1.92%;--awb-margin-bottom-large:20px;--awb-spacing-left-large:1.92%;--awb-width-medium:100%;--awb-order-medium:0;--awb-spacing-right-medium:1.92%;--awb-spacing-left-medium:1.92%;--awb-width-small:100%;--awb-order-small:0;--awb-spacing-right-small:1.92%;--awb-spacing-left-small:1.92%;\"><div class=\"fusion-column-wrapper fusion-column-has-shadow fusion-flex-justify-content-flex-start fusion-content-layout-column\"><div class=\"accordian fusion-accordian\" style=\"--awb-border-size:1px;--awb-icon-size:13px;--awb-content-font-size:18px;--awb-icon-alignment:left;--awb-hover-color:#f9f9f9;--awb-border-color:#cccccc;--awb-background-color:#ffffff;--awb-divider-color:#e0dede;--awb-divider-hover-color:#e0dede;--awb-icon-color:#ffffff;--awb-title-color:#326864;--awb-content-color:#686868;--awb-icon-box-color:#333333;--awb-toggle-hover-accent-color:#326864;--awb-title-font-family:&quot;Yantramanav&quot;;--awb-title-font-weight:400;--awb-title-font-style:normal;--awb-content-font-family:&quot;Karla&quot;;--awb-content-font-style:normal;--awb-content-font-weight:400;\"><div class=\"panel-group fusion-toggle-icon-boxed\" id=\"accordion-2769-1\"><div class=\"fusion-panel panel-default panel-eb176cd5dc4d4f7c4 fusion-toggle-has-divider\"><div class=\"panel-heading\"><h4 class=\"panel-title toggle\" id=\"toggle_eb176cd5dc4d4f7c4\"><a class=\"active\" aria-expanded=\"true\" aria-controls=\"eb176cd5dc4d4f7c4\" role=\"button\" data-toggle=\"collapse\" data-parent=\"#accordion-2769-1\" data-target=\"#eb176cd5dc4d4f7c4\" href=\"#eb176cd5dc4d4f7c4\"><span class=\"fusion-toggle-icon-wrapper\" aria-hidden=\"true\"><i class=\"fa-fusion-box active-icon awb-icon-minus\" aria-hidden=\"true\"><\/i><i class=\"fa-fusion-box inactive-icon awb-icon-plus\" aria-hidden=\"true\"><\/i><\/span><span class=\"fusion-toggle-heading\">How do subscriptions work?<\/span><\/a><\/h4><\/div><div id=\"eb176cd5dc4d4f7c4\" class=\"panel-collapse collapse in\" aria-labelledby=\"toggle_eb176cd5dc4d4f7c4\"><div class=\"panel-body toggle-content fusion-clearfix\">\n<p>After selecting your favorite coffee from the subscriptions section, it will be sent to you at the frequency you choose. At any time you are free to cancel your subscription (or modify it in your account ** If feasible**). A reminder email will be sent to you before the official order to validate if changes are desired.<\/p>\n<\/div><\/div><\/div><div class=\"fusion-panel panel-default panel-1ef7c35abb9c13c02 fusion-toggle-has-divider\" style=\"--awb-title-color:#326864;--awb-content-color:#686868;\"><div class=\"panel-heading\"><h4 class=\"panel-title toggle\" id=\"toggle_1ef7c35abb9c13c02\"><a aria-expanded=\"false\" aria-controls=\"1ef7c35abb9c13c02\" role=\"button\" data-toggle=\"collapse\" data-parent=\"#accordion-2769-1\" data-target=\"#1ef7c35abb9c13c02\" href=\"#1ef7c35abb9c13c02\"><span class=\"fusion-toggle-icon-wrapper\" aria-hidden=\"true\"><i class=\"fa-fusion-box active-icon awb-icon-minus\" aria-hidden=\"true\"><\/i><i class=\"fa-fusion-box inactive-icon awb-icon-plus\" aria-hidden=\"true\"><\/i><\/span><span class=\"fusion-toggle-heading\">What are the delivery rates?<\/span><\/a><\/h4><\/div><div id=\"1ef7c35abb9c13c02\" class=\"panel-collapse collapse \" aria-labelledby=\"toggle_1ef7c35abb9c13c02\"><div class=\"panel-body toggle-content fusion-clearfix\">\n<p>Whether it is for subscription or regular orders, a shipping and handling rate is set at $14.55 for all orders of $59.99 and less. All orders of $60 and more will be shipped at our expense with great pleasure!<\/p>\n<\/div><\/div><\/div><div class=\"fusion-panel panel-default panel-ee18daeb1268ebe06 fusion-toggle-has-divider\"><div class=\"panel-heading\"><h4 class=\"panel-title toggle\" id=\"toggle_ee18daeb1268ebe06\"><a aria-expanded=\"false\" aria-controls=\"ee18daeb1268ebe06\" role=\"button\" data-toggle=\"collapse\" data-parent=\"#accordion-2769-1\" data-target=\"#ee18daeb1268ebe06\" href=\"#ee18daeb1268ebe06\"><span class=\"fusion-toggle-icon-wrapper\" aria-hidden=\"true\"><i class=\"fa-fusion-box active-icon awb-icon-minus\" aria-hidden=\"true\"><\/i><i class=\"fa-fusion-box inactive-icon awb-icon-plus\" aria-hidden=\"true\"><\/i><\/span><span class=\"fusion-toggle-heading\">How to make coffee?<\/span><\/a><\/h4><\/div><div id=\"ee18daeb1268ebe06\" class=\"panel-collapse collapse \" aria-labelledby=\"toggle_ee18daeb1268ebe06\"><div class=\"panel-body toggle-content fusion-clearfix\">\n<p>Although there are as many different ways to prepare coffee as there are humans on earth, the recommended recipe is indicated on the coffee bags. Usually one tablespoon per cup of water is calculated. So a regular 340 g bag will give you about 40 cups of coffee while a 454 g bag will give you about 50 cups. *Considering that a tablespoon weighs approximately (between 6 and 9 grams) depending on the density of the material.<\/p>\n<\/div><\/div><\/div><div class=\"fusion-panel panel-default panel-fbd89b91c4079d742 fusion-toggle-has-divider\"><div class=\"panel-heading\"><h4 class=\"panel-title toggle\" id=\"toggle_fbd89b91c4079d742\"><a aria-expanded=\"false\" aria-controls=\"fbd89b91c4079d742\" role=\"button\" data-toggle=\"collapse\" data-parent=\"#accordion-2769-1\" data-target=\"#fbd89b91c4079d742\" href=\"#fbd89b91c4079d742\"><span class=\"fusion-toggle-icon-wrapper\" aria-hidden=\"true\"><i class=\"fa-fusion-box active-icon awb-icon-minus\" aria-hidden=\"true\"><\/i><i class=\"fa-fusion-box inactive-icon awb-icon-plus\" aria-hidden=\"true\"><\/i><\/span><span class=\"fusion-toggle-heading\">Which appliance should I use to grind the coffee?<\/span><\/a><\/h4><\/div><div id=\"fbd89b91c4079d742\" class=\"panel-collapse collapse \" aria-labelledby=\"toggle_fbd89b91c4079d742\"><div class=\"panel-body toggle-content fusion-clearfix\">\n<p>All appliances are good for grinding coffee beans, the important thing is not to grind over a long period of time so as not to heat up the grind. It is strongly advised to grind the coffee just before brewing it in order to keep its freshness as long as possible.<\/p>\n<\/div><\/div><\/div><div class=\"fusion-panel panel-default panel-f13ff2a5404f09c21 fusion-toggle-has-divider\"><div class=\"panel-heading\"><h4 class=\"panel-title toggle\" id=\"toggle_f13ff2a5404f09c21\"><a aria-expanded=\"false\" aria-controls=\"f13ff2a5404f09c21\" role=\"button\" data-toggle=\"collapse\" data-parent=\"#accordion-2769-1\" data-target=\"#f13ff2a5404f09c21\" href=\"#f13ff2a5404f09c21\"><span class=\"fusion-toggle-icon-wrapper\" aria-hidden=\"true\"><i class=\"fa-fusion-box active-icon awb-icon-minus\" aria-hidden=\"true\"><\/i><i class=\"fa-fusion-box inactive-icon awb-icon-plus\" aria-hidden=\"true\"><\/i><\/span><span class=\"fusion-toggle-heading\">Is it possible to have a personalized grind on request?<\/span><\/a><\/h4><\/div><div id=\"f13ff2a5404f09c21\" class=\"panel-collapse collapse \" aria-labelledby=\"toggle_f13ff2a5404f09c21\"><div class=\"panel-body toggle-content fusion-clearfix\">\n<p>If you would like to have a grind on demand, for a piston coffee maker (Bodum) or a percolator for example, please indicate your grind in the &#8220;additional instruction&#8221; box just before going to the checkout.<\/p>\n<\/div><\/div><\/div><div class=\"fusion-panel panel-default panel-72b4dd156228bd175 fusion-toggle-has-divider\"><div class=\"panel-heading\"><h4 class=\"panel-title toggle\" id=\"toggle_72b4dd156228bd175\"><a aria-expanded=\"false\" aria-controls=\"72b4dd156228bd175\" role=\"button\" data-toggle=\"collapse\" data-parent=\"#accordion-2769-1\" data-target=\"#72b4dd156228bd175\" href=\"#72b4dd156228bd175\"><span class=\"fusion-toggle-icon-wrapper\" aria-hidden=\"true\"><i class=\"fa-fusion-box active-icon awb-icon-minus\" aria-hidden=\"true\"><\/i><i class=\"fa-fusion-box inactive-icon awb-icon-plus\" aria-hidden=\"true\"><\/i><\/span><span class=\"fusion-toggle-heading\">What is the standard grind that Torr\u00e9facteur sans fronti\u00e8re uses?<\/span><\/a><\/h4><\/div><div id=\"72b4dd156228bd175\" class=\"panel-collapse collapse \" aria-labelledby=\"toggle_72b4dd156228bd175\"><div class=\"panel-body toggle-content fusion-clearfix\">\n<p>It is a fairly fine grind that is somewhere between the grind used for automatic filter machines and the espresso grind.<\/p>\n<\/div><\/div><\/div><div class=\"fusion-panel panel-default panel-8619829ed59403b8b fusion-toggle-has-divider\"><div class=\"panel-heading\"><h4 class=\"panel-title toggle\" id=\"toggle_8619829ed59403b8b\"><a aria-expanded=\"false\" aria-controls=\"8619829ed59403b8b\" role=\"button\" data-toggle=\"collapse\" data-parent=\"#accordion-2769-1\" data-target=\"#8619829ed59403b8b\" href=\"#8619829ed59403b8b\"><span class=\"fusion-toggle-icon-wrapper\" aria-hidden=\"true\"><i class=\"fa-fusion-box active-icon awb-icon-minus\" aria-hidden=\"true\"><\/i><i class=\"fa-fusion-box inactive-icon awb-icon-plus\" aria-hidden=\"true\"><\/i><\/span><span class=\"fusion-toggle-heading\">Why is coffee not taxable?<\/span><\/a><\/h4><\/div><div id=\"8619829ed59403b8b\" class=\"panel-collapse collapse \" aria-labelledby=\"toggle_8619829ed59403b8b\"><div class=\"panel-body toggle-content fusion-clearfix\">\n<p>Considered a basic food product, coffee sold in bulk is not taxable federally or provincially. Basic groceries are defined as most food and beverages intended for human consumption, including sweeteners, seasonings and other ingredients that must be mixed with these foods and beverages or that may be used in their preparation.<\/p>\n<\/div><\/div><\/div><div class=\"fusion-panel panel-default panel-3cf8945523ab6c508 fusion-toggle-has-divider\"><div class=\"panel-heading\"><h4 class=\"panel-title toggle\" id=\"toggle_3cf8945523ab6c508\"><a aria-expanded=\"false\" aria-controls=\"3cf8945523ab6c508\" role=\"button\" data-toggle=\"collapse\" data-parent=\"#accordion-2769-1\" data-target=\"#3cf8945523ab6c508\" href=\"#3cf8945523ab6c508\"><span class=\"fusion-toggle-icon-wrapper\" aria-hidden=\"true\"><i class=\"fa-fusion-box active-icon awb-icon-minus\" aria-hidden=\"true\"><\/i><i class=\"fa-fusion-box inactive-icon awb-icon-plus\" aria-hidden=\"true\"><\/i><\/span><span class=\"fusion-toggle-heading\">How long do I have to wait for my order?<\/span><\/a><\/h4><\/div><div id=\"3cf8945523ab6c508\" class=\"panel-collapse collapse \" aria-labelledby=\"toggle_3cf8945523ab6c508\"><div class=\"panel-body toggle-content fusion-clearfix\">\n<p>Orders are usually shipped the next day. The delivery time may then vary depending on your location. We use a private carrier so your order will arrive quickly. Canada Post is occasionally used in some cases.<\/p>\n<\/div><\/div><\/div><div class=\"fusion-panel panel-default panel-567ed65c2892ed450 fusion-toggle-has-divider\"><div class=\"panel-heading\"><h4 class=\"panel-title toggle\" id=\"toggle_567ed65c2892ed450\"><a aria-expanded=\"false\" aria-controls=\"567ed65c2892ed450\" role=\"button\" data-toggle=\"collapse\" data-parent=\"#accordion-2769-1\" data-target=\"#567ed65c2892ed450\" href=\"#567ed65c2892ed450\"><span class=\"fusion-toggle-icon-wrapper\" aria-hidden=\"true\"><i class=\"fa-fusion-box active-icon awb-icon-minus\" aria-hidden=\"true\"><\/i><i class=\"fa-fusion-box inactive-icon awb-icon-plus\" aria-hidden=\"true\"><\/i><\/span><span class=\"fusion-toggle-heading\">My package was stolen, what should I do?<\/span><\/a><\/h4><\/div><div id=\"567ed65c2892ed450\" class=\"panel-collapse collapse \" aria-labelledby=\"toggle_567ed65c2892ed450\"><div class=\"panel-body toggle-content fusion-clearfix\">\n<p>Unfortunately we are not safe from criminals who may have sniffed the sweet aroma of our coffee. If you have been a victim of theft, write to us and we will put you in contact with our transport company.<\/p>\n<\/div><\/div><\/div><\/div><\/div><\/div><\/div><\/div><\/div>\n","protected":false},"excerpt":{"rendered":"","protected":false},"author":1,"featured_media":0,"parent":0,"menu_order":0,"comment_status":"closed","ping_status":"closed","template":"","meta":{"footnotes":""},"class_list":["post-2769","page","type-page","status-publish","hentry"],"yoast_head":"<!-- This site is optimized with the Yoast SEO plugin v26.9 - https:\/\/yoast.com\/product\/yoast-seo-wordpress\/ -->\n<title>FAQ - Torr\u00e9facteur sans fronti\u00e8re<\/title>\n<meta name=\"description\" content=\"FAQ - Torr\u00e9facteur sans fronti\u00e8re : shipping, products, subscriptions, making coffee, appliances, grind, coffee, etc.\" \/>\n<meta name=\"robots\" content=\"index, follow, max-snippet:-1, max-image-preview:large, max-video-preview:-1\" \/>\n<link rel=\"canonical\" href=\"https:\/\/torrefacteursansfrontiere.com\/en\/faq\/\" \/>\n<meta property=\"og:locale\" content=\"en_US\" \/>\n<meta property=\"og:type\" content=\"article\" \/>\n<meta property=\"og:title\" content=\"FAQ - Torr\u00e9facteur sans fronti\u00e8re\" \/>\n<meta property=\"og:description\" content=\"FAQ - Torr\u00e9facteur sans fronti\u00e8re : shipping, products, subscriptions, making coffee, appliances, grind, coffee, etc.\" \/>\n<meta property=\"og:url\" content=\"https:\/\/torrefacteursansfrontiere.com\/en\/faq\/\" \/>\n<meta property=\"og:site_name\" content=\"Torr\u00e9facteur sans fronti\u00e8re\" \/>\n<meta property=\"article:publisher\" content=\"https:\/\/www.facebook.com\/torrefacteursansfrontiere\" \/>\n<meta property=\"article:modified_time\" content=\"2025-02-17T20:16:18+00:00\" \/>\n<meta property=\"og:image\" content=\"https:\/\/torrefacteursansfrontiere.com\/wp-content\/uploads\/2026\/01\/image-partage-medias-sociaux-torrefacteur-sans-frontiere.jpg\" \/>\n\t<meta property=\"og:image:width\" content=\"1500\" \/>\n\t<meta property=\"og:image:height\" content=\"1000\" \/>\n\t<meta property=\"og:image:type\" content=\"image\/jpeg\" \/>\n<meta name=\"twitter:card\" content=\"summary_large_image\" \/>\n<meta name=\"twitter:label1\" content=\"Est. reading time\" \/>\n\t<meta name=\"twitter:data1\" content=\"3 minutes\" \/>\n<script type=\"application\/ld+json\" class=\"yoast-schema-graph\">{\"@context\":\"https:\/\/schema.org\",\"@graph\":[{\"@type\":\"WebPage\",\"@id\":\"https:\/\/torrefacteursansfrontiere.com\/en\/faq\/\",\"url\":\"https:\/\/torrefacteursansfrontiere.com\/en\/faq\/\",\"name\":\"FAQ - Torr\u00e9facteur sans fronti\u00e8re\",\"isPartOf\":{\"@id\":\"https:\/\/torrefacteursansfrontiere.com\/#website\"},\"datePublished\":\"2021-01-27T14:26:01+00:00\",\"dateModified\":\"2025-02-17T20:16:18+00:00\",\"description\":\"FAQ - Torr\u00e9facteur sans fronti\u00e8re : shipping, products, subscriptions, making coffee, appliances, grind, coffee, etc.\",\"breadcrumb\":{\"@id\":\"https:\/\/torrefacteursansfrontiere.com\/en\/faq\/#breadcrumb\"},\"inLanguage\":\"en-US\",\"potentialAction\":[{\"@type\":\"ReadAction\",\"target\":[\"https:\/\/torrefacteursansfrontiere.com\/en\/faq\/\"]}]},{\"@type\":\"BreadcrumbList\",\"@id\":\"https:\/\/torrefacteursansfrontiere.com\/en\/faq\/#breadcrumb\",\"itemListElement\":[{\"@type\":\"ListItem\",\"position\":1,\"name\":\"Accueil\",\"item\":\"https:\/\/torrefacteursansfrontiere.com\/en\/\"},{\"@type\":\"ListItem\",\"position\":2,\"name\":\"FAQ\"}]},{\"@type\":\"WebSite\",\"@id\":\"https:\/\/torrefacteursansfrontiere.com\/#website\",\"url\":\"https:\/\/torrefacteursansfrontiere.com\/\",\"name\":\"Torr\u00e9facteur sans fronti\u00e8re\",\"description\":\"Torr\u00e9facteur sans fronti\u00e8re\",\"publisher\":{\"@id\":\"https:\/\/torrefacteursansfrontiere.com\/#organization\"},\"potentialAction\":[{\"@type\":\"SearchAction\",\"target\":{\"@type\":\"EntryPoint\",\"urlTemplate\":\"https:\/\/torrefacteursansfrontiere.com\/?s={search_term_string}\"},\"query-input\":{\"@type\":\"PropertyValueSpecification\",\"valueRequired\":true,\"valueName\":\"search_term_string\"}}],\"inLanguage\":\"en-US\"},{\"@type\":\"Organization\",\"@id\":\"https:\/\/torrefacteursansfrontiere.com\/#organization\",\"name\":\"Torr\u00e9facteur sans fronti\u00e8re\",\"url\":\"https:\/\/torrefacteursansfrontiere.com\/\",\"logo\":{\"@type\":\"ImageObject\",\"inLanguage\":\"en-US\",\"@id\":\"https:\/\/torrefacteursansfrontiere.com\/#\/schema\/logo\/image\/\",\"url\":\"https:\/\/torrefacteursansfrontiere.com\/wp-content\/uploads\/2021\/11\/ptb-frais-veloute-chaga-moulu-espresso-torrefaction-torrefacteur.jpg\",\"contentUrl\":\"https:\/\/torrefacteursansfrontiere.com\/wp-content\/uploads\/2021\/11\/ptb-frais-veloute-chaga-moulu-espresso-torrefaction-torrefacteur.jpg\",\"width\":1920,\"height\":900,\"caption\":\"Torr\u00e9facteur sans fronti\u00e8re\"},\"image\":{\"@id\":\"https:\/\/torrefacteursansfrontiere.com\/#\/schema\/logo\/image\/\"},\"sameAs\":[\"https:\/\/www.facebook.com\/torrefacteursansfrontiere\",\"https:\/\/www.instagram.com\/torrefacteursansfrontiere\"]}]}<\/script>\n<!-- \/ Yoast SEO plugin. -->","yoast_head_json":{"title":"FAQ - Torr\u00e9facteur sans fronti\u00e8re","description":"FAQ - Torr\u00e9facteur sans fronti\u00e8re : shipping, products, subscriptions, making coffee, appliances, grind, coffee, etc.","robots":{"index":"index","follow":"follow","max-snippet":"max-snippet:-1","max-image-preview":"max-image-preview:large","max-video-preview":"max-video-preview:-1"},"canonical":"https:\/\/torrefacteursansfrontiere.com\/en\/faq\/","og_locale":"en_US","og_type":"article","og_title":"FAQ - Torr\u00e9facteur sans fronti\u00e8re","og_description":"FAQ - Torr\u00e9facteur sans fronti\u00e8re : shipping, products, subscriptions, making coffee, appliances, grind, coffee, etc.","og_url":"https:\/\/torrefacteursansfrontiere.com\/en\/faq\/","og_site_name":"Torr\u00e9facteur sans fronti\u00e8re","article_publisher":"https:\/\/www.facebook.com\/torrefacteursansfrontiere","article_modified_time":"2025-02-17T20:16:18+00:00","og_image":[{"width":1500,"height":1000,"url":"https:\/\/torrefacteursansfrontiere.com\/wp-content\/uploads\/2026\/01\/image-partage-medias-sociaux-torrefacteur-sans-frontiere.jpg","type":"image\/jpeg"}],"twitter_card":"summary_large_image","twitter_misc":{"Est. reading time":"3 minutes"},"schema":{"@context":"https:\/\/schema.org","@graph":[{"@type":"WebPage","@id":"https:\/\/torrefacteursansfrontiere.com\/en\/faq\/","url":"https:\/\/torrefacteursansfrontiere.com\/en\/faq\/","name":"FAQ - Torr\u00e9facteur sans fronti\u00e8re","isPartOf":{"@id":"https:\/\/torrefacteursansfrontiere.com\/#website"},"datePublished":"2021-01-27T14:26:01+00:00","dateModified":"2025-02-17T20:16:18+00:00","description":"FAQ - Torr\u00e9facteur sans fronti\u00e8re : shipping, products, subscriptions, making coffee, appliances, grind, coffee, etc.","breadcrumb":{"@id":"https:\/\/torrefacteursansfrontiere.com\/en\/faq\/#breadcrumb"},"inLanguage":"en-US","potentialAction":[{"@type":"ReadAction","target":["https:\/\/torrefacteursansfrontiere.com\/en\/faq\/"]}]},{"@type":"BreadcrumbList","@id":"https:\/\/torrefacteursansfrontiere.com\/en\/faq\/#breadcrumb","itemListElement":[{"@type":"ListItem","position":1,"name":"Accueil","item":"https:\/\/torrefacteursansfrontiere.com\/en\/"},{"@type":"ListItem","position":2,"name":"FAQ"}]},{"@type":"WebSite","@id":"https:\/\/torrefacteursansfrontiere.com\/#website","url":"https:\/\/torrefacteursansfrontiere.com\/","name":"Torr\u00e9facteur sans fronti\u00e8re","description":"Torr\u00e9facteur sans fronti\u00e8re","publisher":{"@id":"https:\/\/torrefacteursansfrontiere.com\/#organization"},"potentialAction":[{"@type":"SearchAction","target":{"@type":"EntryPoint","urlTemplate":"https:\/\/torrefacteursansfrontiere.com\/?s={search_term_string}"},"query-input":{"@type":"PropertyValueSpecification","valueRequired":true,"valueName":"search_term_string"}}],"inLanguage":"en-US"},{"@type":"Organization","@id":"https:\/\/torrefacteursansfrontiere.com\/#organization","name":"Torr\u00e9facteur sans fronti\u00e8re","url":"https:\/\/torrefacteursansfrontiere.com\/","logo":{"@type":"ImageObject","inLanguage":"en-US","@id":"https:\/\/torrefacteursansfrontiere.com\/#\/schema\/logo\/image\/","url":"https:\/\/torrefacteursansfrontiere.com\/wp-content\/uploads\/2021\/11\/ptb-frais-veloute-chaga-moulu-espresso-torrefaction-torrefacteur.jpg","contentUrl":"https:\/\/torrefacteursansfrontiere.com\/wp-content\/uploads\/2021\/11\/ptb-frais-veloute-chaga-moulu-espresso-torrefaction-torrefacteur.jpg","width":1920,"height":900,"caption":"Torr\u00e9facteur sans fronti\u00e8re"},"image":{"@id":"https:\/\/torrefacteursansfrontiere.com\/#\/schema\/logo\/image\/"},"sameAs":["https:\/\/www.facebook.com\/torrefacteursansfrontiere","https:\/\/www.instagram.com\/torrefacteursansfrontiere"]}]}},"_links":{"self":[{"href":"https:\/\/torrefacteursansfrontiere.com\/en\/wp-json\/wp\/v2\/pages\/2769","targetHints":{"allow":["GET"]}}],"collection":[{"href":"https:\/\/torrefacteursansfrontiere.com\/en\/wp-json\/wp\/v2\/pages"}],"about":[{"href":"https:\/\/torrefacteursansfrontiere.com\/en\/wp-json\/wp\/v2\/types\/page"}],"author":[{"embeddable":true,"href":"https:\/\/torrefacteursansfrontiere.com\/en\/wp-json\/wp\/v2\/users\/1"}],"replies":[{"embeddable":true,"href":"https:\/\/torrefacteursansfrontiere.com\/en\/wp-json\/wp\/v2\/comments?post=2769"}],"version-history":[{"count":1,"href":"https:\/\/torrefacteursansfrontiere.com\/en\/wp-json\/wp\/v2\/pages\/2769\/revisions"}],"predecessor-version":[{"id":8385,"href":"https:\/\/torrefacteursansfrontiere.com\/en\/wp-json\/wp\/v2\/pages\/2769\/revisions\/8385"}],"wp:attachment":[{"href":"https:\/\/torrefacteursansfrontiere.com\/en\/wp-json\/wp\/v2\/media?parent=2769"}],"curies":[{"name":"wp","href":"https:\/\/api.w.org\/{rel}","templated":true}]}}