{"id":2772,"date":"2021-01-27T14:26:32","date_gmt":"2021-01-27T14:26:32","guid":{"rendered":"https:\/\/torrefacteursansfrontiere.com\/conditions-utilisation\/"},"modified":"2021-12-05T13:20:39","modified_gmt":"2021-12-05T18:20:39","slug":"conditions-of-use","status":"publish","type":"page","link":"https:\/\/torrefacteursansfrontiere.com\/en\/conditions-of-use\/","title":{"rendered":"Conditions of use"},"content":{"rendered":"<div class=\"fusion-fullwidth fullwidth-box fusion-builder-row-1 fusion-flex-container nonhundred-percent-fullwidth non-hundred-percent-height-scrolling\" style=\"--awb-border-radius-top-left:0px;--awb-border-radius-top-right:0px;--awb-border-radius-bottom-right:0px;--awb-border-radius-bottom-left:0px;--awb-flex-wrap:wrap;\" ><div class=\"fusion-builder-row fusion-row fusion-flex-align-items-flex-start fusion-flex-content-wrap\" style=\"max-width:1185.6px;margin-left: calc(-4% \/ 2 );margin-right: calc(-4% \/ 2 );\"><div class=\"fusion-layout-column fusion_builder_column fusion-builder-column-0 fusion_builder_column_1_1 1_1 fusion-flex-column\" style=\"--awb-bg-size:cover;--awb-width-large:100%;--awb-margin-top-large:0px;--awb-spacing-right-large:1.92%;--awb-margin-bottom-large:20px;--awb-spacing-left-large:1.92%;--awb-width-medium:100%;--awb-order-medium:0;--awb-spacing-right-medium:1.92%;--awb-spacing-left-medium:1.92%;--awb-width-small:100%;--awb-order-small:0;--awb-spacing-right-small:1.92%;--awb-spacing-left-small:1.92%;\"><div class=\"fusion-column-wrapper fusion-column-has-shadow fusion-flex-justify-content-flex-start fusion-content-layout-column\"><div class=\"fusion-text fusion-text-1\" style=\"--awb-text-transform:none;\"><p><strong>Privacy Policy<\/strong><\/p>\n<p>This document outlines our privacy policy. Torr\u00e9facteur sans fronti\u00e8re knows that you care how information about you is used and shared, and we appreciate your assurance of that. We want you to have confidence in our services and our security with respect to your personal information. By visiting Torr\u00e9facteur sans fronti\u00e8re, you accept and consent to the practices described in this Privacy Policy.<\/p>\n<p><strong>What personal information does Torr\u00e9facteur sans fronti\u00e8re collect about its customers?<\/strong><\/p>\n<p>The information we collect from our customers helps us personalize and continually improve your shopping experience at Torr\u00e9facteur sans fronti\u00e8re.<\/p>\n<p>Here are the types of information we collect:<\/p>\n<p><em>Information you provide us<\/em><br \/>\nWe receive and store any information that you enter on our website or that you give us in any other way. You may choose not to provide certain information, but you may not be able to take advantage of many of our features. We use the information you provide to us for purposes such as responding to your requests, fulfilling orders, customizing future purchases, improving our shopping features, and communicating with you.<\/p>\n<p><em>Automatic information<\/em><br \/>\nWe receive and store any information that you enter on our website or that you give us in any other way. You may choose not to provide certain information, but you may not be able to take advantage of many of our features. We use the information you provide to us for purposes such as responding to your requests, fulfilling orders, customizing future purchases, improving our shopping features, and communicating with you.<\/p>\n<p><em>Email Communications<\/em><br \/>\nTo help us create more effective email and to improve our service and your shopping experience, we sometimes send you newsletters about our products and services, notifications of policy changes, and order confirmations. Marketing emails are sent only to current customers and those who have subscribed to them. They may unsubscribe at any time by using the web links provided in the email they receive..<\/p>\n<p><strong>Does Torr\u00e9facteur sans fronti\u00e8re share the information it receives?<\/strong><\/p>\n<p>No. We respect your privacy and appreciate your interest in our products. We do not provide your account or payment information to any third party supplier, associate or service provider.<\/p>\n<p><strong>Terms of Use, Notices and Revisions<\/strong><\/p>\n<p>If you choose to visit Torr\u00e9facteur sans fronti\u00e8re, your visit and any dispute over privacy is subject to this notice and our Terms of Use, including limitations on damages and enforcement of the law of the Province of Quebec.<\/p>\n<p>Our business changes constantly, and our Privacy Notice and Terms of Use will also change. You should check our Web site frequently to stay informed of any recent changes. Unless otherwise specified, our published Privacy Notice applies to all information we have about you and your account. We keep our promises. However, we will never significantly change our policies and practices to make customer information collected in the past less secure.<\/p>\n<p><strong>Automatic Information<\/strong><\/p>\n<p>For security reasons, Torr\u00e9facteur sans fronti\u00e8re sometimes collects and analyzes the Internet Protocol (IP) address used to connect your computer to the Internet and to our site.<\/p>\n<p><strong>Copyrights<\/strong><\/p>\n<p>All content included on this site, such as text, graphics, logos, icons, images, trademarks, audio clips, digital downloads, data compilations, and software, is the property of Torr\u00e9facteur sans fronti\u00e8re or its suppliers and protected by Canadian and international copyright laws.<\/p>\n<p><strong>Registered trademarks<\/strong><\/p>\n<p>The Torr\u00e9facteur sans fronti\u00e8re and trademark may not be used in connection with any product or service that is not authorized or accredited in writing by Torr\u00e9facteur sans fronti\u00e8re. If you are authorized or accredited by Torr\u00e9facteur sans fronti\u00e8re to display our marks, you may not display or reproduce our marks or trademarks in any manner that is likely to cause confusion among our customers, or in any manner that disparages or discredits Torr\u00e9facteur sans fronti\u00e8re. All other trademarks not owned by Torr\u00e9facteur sans fronti\u00e8re or its subsidiaries that appear on this site are the property of their respective owners, who may or may not be affiliated with, connected to, or sponsored by Torr\u00e9facteur sans fronti\u00e8re or its subsidiaries.<\/p>\n<p><strong>Permits and Site Access<\/strong><\/p>\n<p>Torr\u00e9facteur sans fronti\u00e8re grants you permission to make personal use of this site and you agree not to download (other than page caching) or modify it, or any portion of it, except with the specific written consent of Torr\u00e9facteur sans fronti\u00e8re. You agree not to resell Torr\u00e9facteur sans fronti\u00e8re products or use our site for any unauthorized commercial use. This includes unauthorized use: any collection and use of product listings, descriptions or prices; any derivative use of this site or its contents; any downloading or copying of account information for the benefit of another merchant; and any use of data mining, robots or similar data gathering and extraction tools. This site or any portion of this site may not be reproduced, duplicated, copied, sold, resold, visited, or otherwise exploited for commercial purposes without the specific written consent of Torr\u00e9facteur sans fronti\u00e8re. You may not frame or utilize framing techniques to enclose any trademark, logo, or other proprietary information (including images, text, page layout, or form) of Torr\u00e9facteur sans fronti\u00e8re and our associates without our specific written permission. You may not use meta tags or any other &#8220;hidden text&#8221;. Using Torr\u00e9facteur sans fronti\u00e8re&#8217;s name or trademark without the specific written consent of Torr\u00e9facteur sans fronti\u00e8re. Any unauthorized use terminates your access to the Torr\u00e9facteur sans fronti\u00e8re site and the appropriate authorities will be notified. You are granted a limited, revocable and non-exclusive right to create a hyperlink to Torr\u00e9facteur sans fronti\u00e8re&#8217;s home page so long as the link does not portray Torr\u00e9facteur sans fronti\u00e8re, its associates, or their products or services in a false, misleading, derogatory, or otherwise offensive manner. You may not use the Torr\u00e9facteur sans fronti\u00e8re logo or any other proprietary graphic or trademark as part of the link without our specific written permission.<\/p>\n<p><strong>Reviews, Comments, Emails and Other Content<\/strong><\/p>\n<p>Visitors may post reviews, comments and other content: submit suggestions, ideas, comments, questions, or other information, so long as the content is not illegal, obscene, threatening, defamatory, invasive of privacy, infringing of intellectual property rights, or otherwise harmful to a third party or objectionable and does not consist of or contain computer viruses, political campaigning, commercial solicitation, chain letters, mass mailings, or any form of spam. You may not use a false e-mail address, impersonate any person or entity, or otherwise mislead as to the origin of a card or other content. Torr\u00e9facteur sans fronti\u00e8re reserves the right (but not the obligation) to remove or edit such content, but does not regularly review all posted content. Others may see everything you post or comment on.<\/p>\n<p>If you publish content or submit materials, and unless we indicate otherwise, you grant Torr\u00e9facteur sans fronti\u00e8re and its associates a non-exclusive, royalty-free, perpetual, irrevocable, and fully sub-licensable right to use, reproduce, modify, adapt, publish, translate, create derivative works from, distribute, and display such content throughout the world in any media. You grant Torr\u00e9facteur sans fronti\u00e8re and its associates and sublicensees the right to use the name that you submit in connection with such content, if they so choose. You represent and warrant that you own or control all of the rights to the content you post; that the content is accurate; that use of the content you provide does not violate this policy and will not cause injury to any person or entity; and that you agree to indemnify and hold harmless Torr\u00e9facteur sans fronti\u00e8re and its affiliates from and against any and all claims resulting from the content you provide. Torr\u00e9facteur sans fronti\u00e8re has the right, but not the obligation, to monitor and edit or remove any activity or content. Torr\u00e9facteur sans fronti\u00e8re takes no responsibility and assumes no liability for any content posted by you or any third party.<\/p>\n<p><strong>Product Descriptions<\/strong><\/p>\n<p>Torr\u00e9facteur sans fronti\u00e8re and its associates try to be as accurate as possible. However, Torr\u00e9facteur sans fronti\u00e8re does not warrant that its product descriptions or other content of this site is accurate, complete, reliable, current or error-free. If a product offered by Torr\u00e9facteur sans fronti\u00e8re itself is not as described, your sole remedy is to return it in unused condition.<\/p>\n<p><strong>Disclaimer of Warranties and Limitation of Liability<\/strong><\/p>\n<p>This site is provided by Torr\u00e9facteur sans fronti\u00e8re on an &#8220;as is&#8221; and &#8220;as available&#8221; basis. Torr\u00e9facteur sans fronti\u00e8re makes no representations or warranties of any kind, express or implied, as to the operation of this site or the information, content or products included on this site. You agree that use of this site is at your own risk.<\/p>\n<p>To the fullest extent permitted by applicable law, Torr\u00e9facteur sans fronti\u00e8re disclaims all warranties, express or implied, including, but not limited to, any implied warranty of merchantability and fitness for a particular purpose. Torr\u00e9facteur sans fronti\u00e8ree does not warrant that this site, its servers, or emails sent by Torr\u00e9facteur sans fronti\u00e8re are free of viruses or other harmful components. Torr\u00e9facteur sans fronti\u00e8re will not be liable for damages of any kind arising from the use of this site, including but not limited to direct, indirect, incidental, punitive and consequential damages.<\/p>\n<p><strong>Applicable Law<\/strong><\/p>\n<p>By visiting Torr\u00e9facteur sans fronti\u00e8re, you agree that the laws and courts of the Province of Quebec, Canada, without regard to principles of conflict of laws, will govern these Terms of Use and any dispute of any kind that may arise between you and Torr\u00e9facteur sans fronti\u00e8re or its associates.<\/p>\n<p><strong>Site Policies, Modifications and Severability<\/strong><\/p>\n<p>Please review our other policies, such as our shipping and return policy, posted on this site. These policies also govern your visit to Torr\u00e9facteur sans fronti\u00e8re. We reserve the right to make changes to our site, policies, and these Terms of Use at any time. If any of these conditions shall be deemed invalid, void, or for any reason unenforceable, that condition shall be deemed severable and shall not affect the validity and enforceability of any remaining condition.<\/p>\n<p><strong>Questions<\/strong><\/p>\n<p>Any questions regarding our terms of use, privacy policy, or other related policy matters may be directed to our customer service department.<\/p>\n<p>Contact our person responsible for our privacy policy, Adrien Mainville at <a href=\"mailto:amainville@torrefacteursansfrontiere.com\">amainville@torrefacteursansfrontiere.com<\/a>.<\/p>\n<\/div><\/div><\/div><\/div><\/div>\n","protected":false},"excerpt":{"rendered":"","protected":false},"author":1,"featured_media":0,"parent":0,"menu_order":0,"comment_status":"closed","ping_status":"closed","template":"","meta":{"footnotes":""},"class_list":["post-2772","page","type-page","status-publish","hentry"],"yoast_head":"<!-- This site is optimized with the Yoast SEO plugin v26.9 - https:\/\/yoast.com\/product\/yoast-seo-wordpress\/ -->\n<title>Conditions of use - Torr\u00e9facteur sans fronti\u00e8re<\/title>\n<meta name=\"description\" content=\"Conditions of uses - Torr\u00e9facteur sans fronti\u00e8re\" \/>\n<meta name=\"robots\" content=\"index, follow, max-snippet:-1, max-image-preview:large, max-video-preview:-1\" \/>\n<link rel=\"canonical\" href=\"https:\/\/torrefacteursansfrontiere.com\/en\/conditions-of-use\/\" \/>\n<meta property=\"og:locale\" content=\"en_US\" \/>\n<meta property=\"og:type\" content=\"article\" \/>\n<meta property=\"og:title\" content=\"Conditions of use - Torr\u00e9facteur sans fronti\u00e8re\" \/>\n<meta property=\"og:description\" content=\"Conditions of uses - Torr\u00e9facteur sans fronti\u00e8re\" \/>\n<meta property=\"og:url\" content=\"https:\/\/torrefacteursansfrontiere.com\/en\/conditions-of-use\/\" \/>\n<meta property=\"og:site_name\" content=\"Torr\u00e9facteur sans fronti\u00e8re\" \/>\n<meta property=\"article:publisher\" content=\"https:\/\/www.facebook.com\/torrefacteursansfrontiere\" \/>\n<meta property=\"article:modified_time\" content=\"2021-12-05T18:20:39+00:00\" \/>\n<meta property=\"og:image\" content=\"https:\/\/torrefacteursansfrontiere.com\/wp-content\/uploads\/2026\/01\/image-partage-medias-sociaux-torrefacteur-sans-frontiere.jpg\" \/>\n\t<meta property=\"og:image:width\" content=\"1500\" \/>\n\t<meta property=\"og:image:height\" content=\"1000\" \/>\n\t<meta property=\"og:image:type\" content=\"image\/jpeg\" \/>\n<meta name=\"twitter:card\" content=\"summary_large_image\" \/>\n<meta name=\"twitter:label1\" content=\"Est. reading time\" \/>\n\t<meta name=\"twitter:data1\" content=\"9 minutes\" \/>\n<script type=\"application\/ld+json\" class=\"yoast-schema-graph\">{\"@context\":\"https:\/\/schema.org\",\"@graph\":[{\"@type\":\"WebPage\",\"@id\":\"https:\/\/torrefacteursansfrontiere.com\/en\/conditions-of-use\/\",\"url\":\"https:\/\/torrefacteursansfrontiere.com\/en\/conditions-of-use\/\",\"name\":\"Conditions of use - Torr\u00e9facteur sans fronti\u00e8re\",\"isPartOf\":{\"@id\":\"https:\/\/torrefacteursansfrontiere.com\/#website\"},\"datePublished\":\"2021-01-27T14:26:32+00:00\",\"dateModified\":\"2021-12-05T18:20:39+00:00\",\"description\":\"Conditions of uses - Torr\u00e9facteur sans fronti\u00e8re\",\"breadcrumb\":{\"@id\":\"https:\/\/torrefacteursansfrontiere.com\/en\/conditions-of-use\/#breadcrumb\"},\"inLanguage\":\"en-US\",\"potentialAction\":[{\"@type\":\"ReadAction\",\"target\":[\"https:\/\/torrefacteursansfrontiere.com\/en\/conditions-of-use\/\"]}]},{\"@type\":\"BreadcrumbList\",\"@id\":\"https:\/\/torrefacteursansfrontiere.com\/en\/conditions-of-use\/#breadcrumb\",\"itemListElement\":[{\"@type\":\"ListItem\",\"position\":1,\"name\":\"Accueil\",\"item\":\"https:\/\/torrefacteursansfrontiere.com\/en\/\"},{\"@type\":\"ListItem\",\"position\":2,\"name\":\"Conditions of use\"}]},{\"@type\":\"WebSite\",\"@id\":\"https:\/\/torrefacteursansfrontiere.com\/#website\",\"url\":\"https:\/\/torrefacteursansfrontiere.com\/\",\"name\":\"Torr\u00e9facteur sans fronti\u00e8re\",\"description\":\"Torr\u00e9facteur sans fronti\u00e8re\",\"publisher\":{\"@id\":\"https:\/\/torrefacteursansfrontiere.com\/#organization\"},\"potentialAction\":[{\"@type\":\"SearchAction\",\"target\":{\"@type\":\"EntryPoint\",\"urlTemplate\":\"https:\/\/torrefacteursansfrontiere.com\/?s={search_term_string}\"},\"query-input\":{\"@type\":\"PropertyValueSpecification\",\"valueRequired\":true,\"valueName\":\"search_term_string\"}}],\"inLanguage\":\"en-US\"},{\"@type\":\"Organization\",\"@id\":\"https:\/\/torrefacteursansfrontiere.com\/#organization\",\"name\":\"Torr\u00e9facteur sans fronti\u00e8re\",\"url\":\"https:\/\/torrefacteursansfrontiere.com\/\",\"logo\":{\"@type\":\"ImageObject\",\"inLanguage\":\"en-US\",\"@id\":\"https:\/\/torrefacteursansfrontiere.com\/#\/schema\/logo\/image\/\",\"url\":\"https:\/\/torrefacteursansfrontiere.com\/wp-content\/uploads\/2021\/11\/ptb-frais-veloute-chaga-moulu-espresso-torrefaction-torrefacteur.jpg\",\"contentUrl\":\"https:\/\/torrefacteursansfrontiere.com\/wp-content\/uploads\/2021\/11\/ptb-frais-veloute-chaga-moulu-espresso-torrefaction-torrefacteur.jpg\",\"width\":1920,\"height\":900,\"caption\":\"Torr\u00e9facteur sans fronti\u00e8re\"},\"image\":{\"@id\":\"https:\/\/torrefacteursansfrontiere.com\/#\/schema\/logo\/image\/\"},\"sameAs\":[\"https:\/\/www.facebook.com\/torrefacteursansfrontiere\",\"https:\/\/www.instagram.com\/torrefacteursansfrontiere\"]}]}<\/script>\n<!-- \/ Yoast SEO plugin. -->","yoast_head_json":{"title":"Conditions of use - Torr\u00e9facteur sans fronti\u00e8re","description":"Conditions of uses - Torr\u00e9facteur sans fronti\u00e8re","robots":{"index":"index","follow":"follow","max-snippet":"max-snippet:-1","max-image-preview":"max-image-preview:large","max-video-preview":"max-video-preview:-1"},"canonical":"https:\/\/torrefacteursansfrontiere.com\/en\/conditions-of-use\/","og_locale":"en_US","og_type":"article","og_title":"Conditions of use - Torr\u00e9facteur sans fronti\u00e8re","og_description":"Conditions of uses - Torr\u00e9facteur sans fronti\u00e8re","og_url":"https:\/\/torrefacteursansfrontiere.com\/en\/conditions-of-use\/","og_site_name":"Torr\u00e9facteur sans fronti\u00e8re","article_publisher":"https:\/\/www.facebook.com\/torrefacteursansfrontiere","article_modified_time":"2021-12-05T18:20:39+00:00","og_image":[{"width":1500,"height":1000,"url":"https:\/\/torrefacteursansfrontiere.com\/wp-content\/uploads\/2026\/01\/image-partage-medias-sociaux-torrefacteur-sans-frontiere.jpg","type":"image\/jpeg"}],"twitter_card":"summary_large_image","twitter_misc":{"Est. reading time":"9 minutes"},"schema":{"@context":"https:\/\/schema.org","@graph":[{"@type":"WebPage","@id":"https:\/\/torrefacteursansfrontiere.com\/en\/conditions-of-use\/","url":"https:\/\/torrefacteursansfrontiere.com\/en\/conditions-of-use\/","name":"Conditions of use - Torr\u00e9facteur sans fronti\u00e8re","isPartOf":{"@id":"https:\/\/torrefacteursansfrontiere.com\/#website"},"datePublished":"2021-01-27T14:26:32+00:00","dateModified":"2021-12-05T18:20:39+00:00","description":"Conditions of uses - Torr\u00e9facteur sans fronti\u00e8re","breadcrumb":{"@id":"https:\/\/torrefacteursansfrontiere.com\/en\/conditions-of-use\/#breadcrumb"},"inLanguage":"en-US","potentialAction":[{"@type":"ReadAction","target":["https:\/\/torrefacteursansfrontiere.com\/en\/conditions-of-use\/"]}]},{"@type":"BreadcrumbList","@id":"https:\/\/torrefacteursansfrontiere.com\/en\/conditions-of-use\/#breadcrumb","itemListElement":[{"@type":"ListItem","position":1,"name":"Accueil","item":"https:\/\/torrefacteursansfrontiere.com\/en\/"},{"@type":"ListItem","position":2,"name":"Conditions of use"}]},{"@type":"WebSite","@id":"https:\/\/torrefacteursansfrontiere.com\/#website","url":"https:\/\/torrefacteursansfrontiere.com\/","name":"Torr\u00e9facteur sans fronti\u00e8re","description":"Torr\u00e9facteur sans fronti\u00e8re","publisher":{"@id":"https:\/\/torrefacteursansfrontiere.com\/#organization"},"potentialAction":[{"@type":"SearchAction","target":{"@type":"EntryPoint","urlTemplate":"https:\/\/torrefacteursansfrontiere.com\/?s={search_term_string}"},"query-input":{"@type":"PropertyValueSpecification","valueRequired":true,"valueName":"search_term_string"}}],"inLanguage":"en-US"},{"@type":"Organization","@id":"https:\/\/torrefacteursansfrontiere.com\/#organization","name":"Torr\u00e9facteur sans fronti\u00e8re","url":"https:\/\/torrefacteursansfrontiere.com\/","logo":{"@type":"ImageObject","inLanguage":"en-US","@id":"https:\/\/torrefacteursansfrontiere.com\/#\/schema\/logo\/image\/","url":"https:\/\/torrefacteursansfrontiere.com\/wp-content\/uploads\/2021\/11\/ptb-frais-veloute-chaga-moulu-espresso-torrefaction-torrefacteur.jpg","contentUrl":"https:\/\/torrefacteursansfrontiere.com\/wp-content\/uploads\/2021\/11\/ptb-frais-veloute-chaga-moulu-espresso-torrefaction-torrefacteur.jpg","width":1920,"height":900,"caption":"Torr\u00e9facteur sans fronti\u00e8re"},"image":{"@id":"https:\/\/torrefacteursansfrontiere.com\/#\/schema\/logo\/image\/"},"sameAs":["https:\/\/www.facebook.com\/torrefacteursansfrontiere","https:\/\/www.instagram.com\/torrefacteursansfrontiere"]}]}},"_links":{"self":[{"href":"https:\/\/torrefacteursansfrontiere.com\/en\/wp-json\/wp\/v2\/pages\/2772","targetHints":{"allow":["GET"]}}],"collection":[{"href":"https:\/\/torrefacteursansfrontiere.com\/en\/wp-json\/wp\/v2\/pages"}],"about":[{"href":"https:\/\/torrefacteursansfrontiere.com\/en\/wp-json\/wp\/v2\/types\/page"}],"author":[{"embeddable":true,"href":"https:\/\/torrefacteursansfrontiere.com\/en\/wp-json\/wp\/v2\/users\/1"}],"replies":[{"embeddable":true,"href":"https:\/\/torrefacteursansfrontiere.com\/en\/wp-json\/wp\/v2\/comments?post=2772"}],"version-history":[{"count":0,"href":"https:\/\/torrefacteursansfrontiere.com\/en\/wp-json\/wp\/v2\/pages\/2772\/revisions"}],"wp:attachment":[{"href":"https:\/\/torrefacteursansfrontiere.com\/en\/wp-json\/wp\/v2\/media?parent=2772"}],"curies":[{"name":"wp","href":"https:\/\/api.w.org\/{rel}","templated":true}]}}