{"id":3007,"date":"2021-01-14T21:29:27","date_gmt":"2021-01-15T02:29:27","guid":{"rendered":"https:\/\/torrefacteursansfrontiere.com\/produit\/immortel\/"},"modified":"2024-01-10T16:27:07","modified_gmt":"2024-01-10T21:27:07","slug":"immortal","status":"publish","type":"product","link":"https:\/\/torrefacteursansfrontiere.com\/en\/produit\/immortal\/","title":{"rendered":"The Immortal"},"content":{"rendered":"<p>The immortal is a coffee with Chaga. Chaga is recognized as a super food for its many virtues including its properties as a natural antioxidant, anti-inflammatory and immune system support. It grows on birch trees in the Boreal forest. The immortal is THE coffee that will energize you and make you feel better in a completely natural way.<\/p>\n<p>To reap the benefits, consume Chaga daily by adding naturalness to your routine.<\/p>\n<p><img decoding=\"async\" class=\"alignnone wp-image-4299 size-full\" src=\"https:\/\/torrefacteursansfrontiere.com\/wp-content\/uploads\/2021\/01\/immortel-label-moulu-frais-veloute-espresso-torrefacteur-cafe-chaga.jpg\" alt=\"coffee with chaga\" width=\"425\" height=\"175\" srcset=\"https:\/\/torrefacteursansfrontiere.com\/wp-content\/uploads\/2021\/01\/immortel-label-moulu-frais-veloute-espresso-torrefacteur-cafe-chaga-200x82.jpg 200w, https:\/\/torrefacteursansfrontiere.com\/wp-content\/uploads\/2021\/01\/immortel-label-moulu-frais-veloute-espresso-torrefacteur-cafe-chaga-300x124.jpg 300w, https:\/\/torrefacteursansfrontiere.com\/wp-content\/uploads\/2021\/01\/immortel-label-moulu-frais-veloute-espresso-torrefacteur-cafe-chaga-400x165.jpg 400w, https:\/\/torrefacteursansfrontiere.com\/wp-content\/uploads\/2021\/01\/immortel-label-moulu-frais-veloute-espresso-torrefacteur-cafe-chaga.jpg 425w\" sizes=\"(max-width: 425px) 100vw, 425px\" \/><\/p>\n","protected":false},"excerpt":{"rendered":"[fusion_checklist icon=\"fa-certificate fas\" iconcolor=\"\" circle=\"\" circlecolor=\"\" size=\"\" divider=\"\" divider_color=\"\" hide_on_mobile=\"small-visibility,medium-visibility,large-visibility\" class=\"\" id=\"\"][fusion_li_item icon=\"\"]Lightly toasted and oaky[\/fusion_li_item]<br \/>\n[fusion_checklist icon=\"fa-check fas\" iconcolor=\"\" circle=\"\" circlecolor=\"\" size=\"\" divider=\"\" divider_color=\"\" hide_on_mobile=\"small-visibility,medium-visibility,large-visibility\" class=\"\" id=\"\"][fusion_li_item icon=\"\"]Automatic filter coffee maker[\/fusion_li_item]<br \/>\n[fusion_li_item icon=\"\"]Infusion (Percolator &#8211; French press)[\/fusion_li_item][\/fusion_checklist]\n","protected":false},"featured_media":4353,"comment_status":"open","ping_status":"closed","template":"","meta":[],"product_brand":[],"product_cat":[55,52,67],"product_tag":[],"class_list":{"0":"post-3007","1":"product","2":"type-product","3":"status-publish","4":"has-post-thumbnail","6":"product_cat-chaga-en","7":"product_cat-coffee","8":"product_cat-subscriptions","9":"has-subscription-plans","11":"first","12":"instock","13":"purchasable","14":"product-type-simple"},"yoast_head":"<!-- This site is optimized with the Yoast SEO plugin v26.9 - https:\/\/yoast.com\/product\/yoast-seo-wordpress\/ -->\n<title>The Immortal Coffee with Chaga - Torr\u00e9facteur sans fronti\u00e8re<\/title>\n<meta name=\"description\" content=\"The immortal is a coffee blend containing Chaga. Chaga is recognized as a super food for its many virtues including its properties\" \/>\n<meta name=\"robots\" content=\"index, follow, max-snippet:-1, max-image-preview:large, max-video-preview:-1\" \/>\n<link rel=\"canonical\" href=\"https:\/\/torrefacteursansfrontiere.com\/en\/produit\/immortal\/\" \/>\n<meta property=\"og:locale\" content=\"en_US\" \/>\n<meta property=\"og:type\" content=\"article\" \/>\n<meta property=\"og:title\" content=\"The Immortal Coffee with Chaga - Torr\u00e9facteur sans fronti\u00e8re\" \/>\n<meta property=\"og:description\" content=\"The immortal is a coffee blend containing Chaga. Chaga is recognized as a super food for its many virtues including its properties\" \/>\n<meta property=\"og:url\" content=\"https:\/\/torrefacteursansfrontiere.com\/en\/produit\/immortal\/\" \/>\n<meta property=\"og:site_name\" content=\"Torr\u00e9facteur sans fronti\u00e8re\" \/>\n<meta property=\"article:publisher\" content=\"https:\/\/www.facebook.com\/torrefacteursansfrontiere\" \/>\n<meta property=\"article:modified_time\" content=\"2024-01-10T21:27:07+00:00\" \/>\n<meta property=\"og:image\" content=\"https:\/\/torrefacteursansfrontiere.com\/wp-content\/uploads\/2021\/01\/immortel-espresso-brulerie-veloute-moulu-torrefaction-grains-1.jpg\" \/>\n\t<meta property=\"og:image:width\" content=\"1500\" \/>\n\t<meta property=\"og:image:height\" content=\"1000\" \/>\n\t<meta property=\"og:image:type\" content=\"image\/jpeg\" \/>\n<meta name=\"twitter:card\" content=\"summary_large_image\" \/>\n<meta name=\"twitter:label1\" content=\"Est. reading time\" \/>\n\t<meta name=\"twitter:data1\" content=\"1 minute\" \/>\n<script type=\"application\/ld+json\" class=\"yoast-schema-graph\">{\"@context\":\"https:\/\/schema.org\",\"@graph\":[{\"@type\":\"WebPage\",\"@id\":\"https:\/\/torrefacteursansfrontiere.com\/en\/produit\/immortal\/\",\"url\":\"https:\/\/torrefacteursansfrontiere.com\/en\/produit\/immortal\/\",\"name\":\"The Immortal Coffee with Chaga - Torr\u00e9facteur sans fronti\u00e8re\",\"isPartOf\":{\"@id\":\"https:\/\/torrefacteursansfrontiere.com\/#website\"},\"primaryImageOfPage\":{\"@id\":\"https:\/\/torrefacteursansfrontiere.com\/en\/produit\/immortal\/#primaryimage\"},\"image\":{\"@id\":\"https:\/\/torrefacteursansfrontiere.com\/en\/produit\/immortal\/#primaryimage\"},\"thumbnailUrl\":\"https:\/\/torrefacteursansfrontiere.com\/wp-content\/uploads\/2021\/01\/immortel-espresso-brulerie-veloute-moulu-torrefaction-grains-1.jpg\",\"datePublished\":\"2021-01-15T02:29:27+00:00\",\"dateModified\":\"2024-01-10T21:27:07+00:00\",\"description\":\"The immortal is a coffee blend containing Chaga. Chaga is recognized as a super food for its many virtues including its properties\",\"breadcrumb\":{\"@id\":\"https:\/\/torrefacteursansfrontiere.com\/en\/produit\/immortal\/#breadcrumb\"},\"inLanguage\":\"en-US\",\"potentialAction\":[{\"@type\":\"ReadAction\",\"target\":[\"https:\/\/torrefacteursansfrontiere.com\/en\/produit\/immortal\/\"]}]},{\"@type\":\"ImageObject\",\"inLanguage\":\"en-US\",\"@id\":\"https:\/\/torrefacteursansfrontiere.com\/en\/produit\/immortal\/#primaryimage\",\"url\":\"https:\/\/torrefacteursansfrontiere.com\/wp-content\/uploads\/2021\/01\/immortel-espresso-brulerie-veloute-moulu-torrefaction-grains-1.jpg\",\"contentUrl\":\"https:\/\/torrefacteursansfrontiere.com\/wp-content\/uploads\/2021\/01\/immortel-espresso-brulerie-veloute-moulu-torrefaction-grains-1.jpg\",\"width\":1500,\"height\":1000,\"caption\":\"coffee with chaga\"},{\"@type\":\"BreadcrumbList\",\"@id\":\"https:\/\/torrefacteursansfrontiere.com\/en\/produit\/immortal\/#breadcrumb\",\"itemListElement\":[{\"@type\":\"ListItem\",\"position\":1,\"name\":\"Accueil\",\"item\":\"https:\/\/torrefacteursansfrontiere.com\/en\/\"},{\"@type\":\"ListItem\",\"position\":2,\"name\":\"Shop\",\"item\":\"https:\/\/torrefacteursansfrontiere.com\/en\/shop\/\"},{\"@type\":\"ListItem\",\"position\":3,\"name\":\"The Immortal\"}]},{\"@type\":\"WebSite\",\"@id\":\"https:\/\/torrefacteursansfrontiere.com\/#website\",\"url\":\"https:\/\/torrefacteursansfrontiere.com\/\",\"name\":\"Torr\u00e9facteur sans fronti\u00e8re\",\"description\":\"Torr\u00e9facteur sans fronti\u00e8re\",\"publisher\":{\"@id\":\"https:\/\/torrefacteursansfrontiere.com\/#organization\"},\"potentialAction\":[{\"@type\":\"SearchAction\",\"target\":{\"@type\":\"EntryPoint\",\"urlTemplate\":\"https:\/\/torrefacteursansfrontiere.com\/?s={search_term_string}\"},\"query-input\":{\"@type\":\"PropertyValueSpecification\",\"valueRequired\":true,\"valueName\":\"search_term_string\"}}],\"inLanguage\":\"en-US\"},{\"@type\":\"Organization\",\"@id\":\"https:\/\/torrefacteursansfrontiere.com\/#organization\",\"name\":\"Torr\u00e9facteur sans fronti\u00e8re\",\"url\":\"https:\/\/torrefacteursansfrontiere.com\/\",\"logo\":{\"@type\":\"ImageObject\",\"inLanguage\":\"en-US\",\"@id\":\"https:\/\/torrefacteursansfrontiere.com\/#\/schema\/logo\/image\/\",\"url\":\"https:\/\/torrefacteursansfrontiere.com\/wp-content\/uploads\/2021\/11\/ptb-frais-veloute-chaga-moulu-espresso-torrefaction-torrefacteur.jpg\",\"contentUrl\":\"https:\/\/torrefacteursansfrontiere.com\/wp-content\/uploads\/2021\/11\/ptb-frais-veloute-chaga-moulu-espresso-torrefaction-torrefacteur.jpg\",\"width\":1920,\"height\":900,\"caption\":\"Torr\u00e9facteur sans fronti\u00e8re\"},\"image\":{\"@id\":\"https:\/\/torrefacteursansfrontiere.com\/#\/schema\/logo\/image\/\"},\"sameAs\":[\"https:\/\/www.facebook.com\/torrefacteursansfrontiere\",\"https:\/\/www.instagram.com\/torrefacteursansfrontiere\"]}]}<\/script>\n<!-- \/ Yoast SEO plugin. -->","yoast_head_json":{"title":"The Immortal Coffee with Chaga - Torr\u00e9facteur sans fronti\u00e8re","description":"The immortal is a coffee blend containing Chaga. Chaga is recognized as a super food for its many virtues including its properties","robots":{"index":"index","follow":"follow","max-snippet":"max-snippet:-1","max-image-preview":"max-image-preview:large","max-video-preview":"max-video-preview:-1"},"canonical":"https:\/\/torrefacteursansfrontiere.com\/en\/produit\/immortal\/","og_locale":"en_US","og_type":"article","og_title":"The Immortal Coffee with Chaga - Torr\u00e9facteur sans fronti\u00e8re","og_description":"The immortal is a coffee blend containing Chaga. Chaga is recognized as a super food for its many virtues including its properties","og_url":"https:\/\/torrefacteursansfrontiere.com\/en\/produit\/immortal\/","og_site_name":"Torr\u00e9facteur sans fronti\u00e8re","article_publisher":"https:\/\/www.facebook.com\/torrefacteursansfrontiere","article_modified_time":"2024-01-10T21:27:07+00:00","og_image":[{"width":1500,"height":1000,"url":"https:\/\/torrefacteursansfrontiere.com\/wp-content\/uploads\/2021\/01\/immortel-espresso-brulerie-veloute-moulu-torrefaction-grains-1.jpg","type":"image\/jpeg"}],"twitter_card":"summary_large_image","twitter_misc":{"Est. reading time":"1 minute"},"schema":{"@context":"https:\/\/schema.org","@graph":[{"@type":"WebPage","@id":"https:\/\/torrefacteursansfrontiere.com\/en\/produit\/immortal\/","url":"https:\/\/torrefacteursansfrontiere.com\/en\/produit\/immortal\/","name":"The Immortal Coffee with Chaga - Torr\u00e9facteur sans fronti\u00e8re","isPartOf":{"@id":"https:\/\/torrefacteursansfrontiere.com\/#website"},"primaryImageOfPage":{"@id":"https:\/\/torrefacteursansfrontiere.com\/en\/produit\/immortal\/#primaryimage"},"image":{"@id":"https:\/\/torrefacteursansfrontiere.com\/en\/produit\/immortal\/#primaryimage"},"thumbnailUrl":"https:\/\/torrefacteursansfrontiere.com\/wp-content\/uploads\/2021\/01\/immortel-espresso-brulerie-veloute-moulu-torrefaction-grains-1.jpg","datePublished":"2021-01-15T02:29:27+00:00","dateModified":"2024-01-10T21:27:07+00:00","description":"The immortal is a coffee blend containing Chaga. Chaga is recognized as a super food for its many virtues including its properties","breadcrumb":{"@id":"https:\/\/torrefacteursansfrontiere.com\/en\/produit\/immortal\/#breadcrumb"},"inLanguage":"en-US","potentialAction":[{"@type":"ReadAction","target":["https:\/\/torrefacteursansfrontiere.com\/en\/produit\/immortal\/"]}]},{"@type":"ImageObject","inLanguage":"en-US","@id":"https:\/\/torrefacteursansfrontiere.com\/en\/produit\/immortal\/#primaryimage","url":"https:\/\/torrefacteursansfrontiere.com\/wp-content\/uploads\/2021\/01\/immortel-espresso-brulerie-veloute-moulu-torrefaction-grains-1.jpg","contentUrl":"https:\/\/torrefacteursansfrontiere.com\/wp-content\/uploads\/2021\/01\/immortel-espresso-brulerie-veloute-moulu-torrefaction-grains-1.jpg","width":1500,"height":1000,"caption":"coffee with chaga"},{"@type":"BreadcrumbList","@id":"https:\/\/torrefacteursansfrontiere.com\/en\/produit\/immortal\/#breadcrumb","itemListElement":[{"@type":"ListItem","position":1,"name":"Accueil","item":"https:\/\/torrefacteursansfrontiere.com\/en\/"},{"@type":"ListItem","position":2,"name":"Shop","item":"https:\/\/torrefacteursansfrontiere.com\/en\/shop\/"},{"@type":"ListItem","position":3,"name":"The Immortal"}]},{"@type":"WebSite","@id":"https:\/\/torrefacteursansfrontiere.com\/#website","url":"https:\/\/torrefacteursansfrontiere.com\/","name":"Torr\u00e9facteur sans fronti\u00e8re","description":"Torr\u00e9facteur sans fronti\u00e8re","publisher":{"@id":"https:\/\/torrefacteursansfrontiere.com\/#organization"},"potentialAction":[{"@type":"SearchAction","target":{"@type":"EntryPoint","urlTemplate":"https:\/\/torrefacteursansfrontiere.com\/?s={search_term_string}"},"query-input":{"@type":"PropertyValueSpecification","valueRequired":true,"valueName":"search_term_string"}}],"inLanguage":"en-US"},{"@type":"Organization","@id":"https:\/\/torrefacteursansfrontiere.com\/#organization","name":"Torr\u00e9facteur sans fronti\u00e8re","url":"https:\/\/torrefacteursansfrontiere.com\/","logo":{"@type":"ImageObject","inLanguage":"en-US","@id":"https:\/\/torrefacteursansfrontiere.com\/#\/schema\/logo\/image\/","url":"https:\/\/torrefacteursansfrontiere.com\/wp-content\/uploads\/2021\/11\/ptb-frais-veloute-chaga-moulu-espresso-torrefaction-torrefacteur.jpg","contentUrl":"https:\/\/torrefacteursansfrontiere.com\/wp-content\/uploads\/2021\/11\/ptb-frais-veloute-chaga-moulu-espresso-torrefaction-torrefacteur.jpg","width":1920,"height":900,"caption":"Torr\u00e9facteur sans fronti\u00e8re"},"image":{"@id":"https:\/\/torrefacteursansfrontiere.com\/#\/schema\/logo\/image\/"},"sameAs":["https:\/\/www.facebook.com\/torrefacteursansfrontiere","https:\/\/www.instagram.com\/torrefacteursansfrontiere"]}]}},"_links":{"self":[{"href":"https:\/\/torrefacteursansfrontiere.com\/en\/wp-json\/wp\/v2\/product\/3007","targetHints":{"allow":["GET"]}}],"collection":[{"href":"https:\/\/torrefacteursansfrontiere.com\/en\/wp-json\/wp\/v2\/product"}],"about":[{"href":"https:\/\/torrefacteursansfrontiere.com\/en\/wp-json\/wp\/v2\/types\/product"}],"replies":[{"embeddable":true,"href":"https:\/\/torrefacteursansfrontiere.com\/en\/wp-json\/wp\/v2\/comments?post=3007"}],"wp:featuredmedia":[{"embeddable":true,"href":"https:\/\/torrefacteursansfrontiere.com\/en\/wp-json\/wp\/v2\/media\/4353"}],"wp:attachment":[{"href":"https:\/\/torrefacteursansfrontiere.com\/en\/wp-json\/wp\/v2\/media?parent=3007"}],"wp:term":[{"taxonomy":"product_brand","embeddable":true,"href":"https:\/\/torrefacteursansfrontiere.com\/en\/wp-json\/wp\/v2\/product_brand?post=3007"},{"taxonomy":"product_cat","embeddable":true,"href":"https:\/\/torrefacteursansfrontiere.com\/en\/wp-json\/wp\/v2\/product_cat?post=3007"},{"taxonomy":"product_tag","embeddable":true,"href":"https:\/\/torrefacteursansfrontiere.com\/en\/wp-json\/wp\/v2\/product_tag?post=3007"}],"curies":[{"name":"wp","href":"https:\/\/api.w.org\/{rel}","templated":true}]}}