{"id":3080,"date":"2020-11-27T14:35:50","date_gmt":"2020-11-27T19:35:50","guid":{"rendered":"https:\/\/torrefacteursansfrontiere.com\/produit\/le-100-chaga\/"},"modified":"2024-01-10T16:28:03","modified_gmt":"2024-01-10T21:28:03","slug":"the-100-chaga","status":"publish","type":"product","link":"https:\/\/torrefacteursansfrontiere.com\/en\/produit\/the-100-chaga\/","title":{"rendered":"The 100 % CHAGA"},"content":{"rendered":"<p>Chaga mushroom improves quality of life, is rich in antioxidants and fiber and is recognised to supports the immune system.<\/p>\n<p>Known as a super food for anti-inflammatory properties.<\/p>\n<p>Torr\u00e9facteur sans fronti\u00e8re offers you pure Chaga.<\/p>\n","protected":false},"excerpt":{"rendered":"<p>Respectful of the environment: Our Chaga mushrooms are selectively selected from the boreal forest in the North of Abitibi-T\u00e9miscamingue from live birch trees. Chaga is harvested during the cold northern climates, when it has its greatest nutritional value.<\/p>\n<p>Chaga powder can be consumed as an infusion: drink chaga as tea, add it to coffee, smoothie or your favorite recipe. Consume Chaga every day to reap the benefits. Make it part of your routine!<\/p>\n","protected":false},"featured_media":2398,"comment_status":"open","ping_status":"closed","template":"","meta":[],"product_brand":[],"product_cat":[55,67],"product_tag":[],"class_list":{"0":"post-3080","1":"product","2":"type-product","3":"status-publish","4":"has-post-thumbnail","6":"product_cat-chaga-en","7":"product_cat-subscriptions","8":"has-subscription-plans","10":"first","11":"instock","12":"purchasable","13":"product-type-simple"},"yoast_head":"<!-- This site is optimized with the Yoast SEO plugin v26.9 - https:\/\/yoast.com\/product\/yoast-seo-wordpress\/ -->\n<title>The 100 % CHAGA \u00a0: Chaga mushroom - Torr\u00e9facteur sans fronti\u00e8re Mushroom Super Food<\/title>\n<meta name=\"description\" content=\"\u00a0Chaga mushroom improves quality of life - Rich in antioxidants and fiber. Known as a super food for its immune stimulating.\" \/>\n<meta name=\"robots\" content=\"index, follow, max-snippet:-1, max-image-preview:large, max-video-preview:-1\" \/>\n<link rel=\"canonical\" href=\"https:\/\/torrefacteursansfrontiere.com\/en\/produit\/the-100-chaga\/\" \/>\n<meta property=\"og:locale\" content=\"en_US\" \/>\n<meta property=\"og:type\" content=\"article\" \/>\n<meta property=\"og:title\" content=\"The 100 % CHAGA \u00a0: Chaga mushroom - Torr\u00e9facteur sans fronti\u00e8re Mushroom Super Food\" \/>\n<meta property=\"og:description\" content=\"\u00a0Chaga mushroom improves quality of life - Rich in antioxidants and fiber. Known as a super food for its immune stimulating.\" \/>\n<meta property=\"og:url\" content=\"https:\/\/torrefacteursansfrontiere.com\/en\/produit\/the-100-chaga\/\" \/>\n<meta property=\"og:site_name\" content=\"Torr\u00e9facteur sans fronti\u00e8re\" \/>\n<meta property=\"article:publisher\" content=\"https:\/\/www.facebook.com\/torrefacteursansfrontiere\" \/>\n<meta property=\"article:modified_time\" content=\"2024-01-10T21:28:03+00:00\" \/>\n<meta property=\"og:image\" content=\"https:\/\/torrefacteursansfrontiere.com\/wp-content\/uploads\/2020\/11\/chaga-brulerie-mainville-1.jpg\" \/>\n\t<meta property=\"og:image:width\" content=\"1500\" \/>\n\t<meta property=\"og:image:height\" content=\"1000\" \/>\n\t<meta property=\"og:image:type\" content=\"image\/jpeg\" \/>\n<meta name=\"twitter:card\" content=\"summary_large_image\" \/>\n<meta name=\"twitter:label1\" content=\"Est. reading time\" \/>\n\t<meta name=\"twitter:data1\" content=\"1 minute\" \/>\n<script type=\"application\/ld+json\" class=\"yoast-schema-graph\">{\"@context\":\"https:\/\/schema.org\",\"@graph\":[{\"@type\":\"WebPage\",\"@id\":\"https:\/\/torrefacteursansfrontiere.com\/en\/produit\/the-100-chaga\/\",\"url\":\"https:\/\/torrefacteursansfrontiere.com\/en\/produit\/the-100-chaga\/\",\"name\":\"The 100 % CHAGA \u00a0: Chaga mushroom - Torr\u00e9facteur sans fronti\u00e8re Mushroom Super Food\",\"isPartOf\":{\"@id\":\"https:\/\/torrefacteursansfrontiere.com\/#website\"},\"primaryImageOfPage\":{\"@id\":\"https:\/\/torrefacteursansfrontiere.com\/en\/produit\/the-100-chaga\/#primaryimage\"},\"image\":{\"@id\":\"https:\/\/torrefacteursansfrontiere.com\/en\/produit\/the-100-chaga\/#primaryimage\"},\"thumbnailUrl\":\"https:\/\/torrefacteursansfrontiere.com\/wp-content\/uploads\/2020\/11\/chaga-brulerie-mainville-1.jpg\",\"datePublished\":\"2020-11-27T19:35:50+00:00\",\"dateModified\":\"2024-01-10T21:28:03+00:00\",\"description\":\"\u00a0Chaga mushroom improves quality of life - Rich in antioxidants and fiber. Known as a super food for its immune stimulating.\",\"breadcrumb\":{\"@id\":\"https:\/\/torrefacteursansfrontiere.com\/en\/produit\/the-100-chaga\/#breadcrumb\"},\"inLanguage\":\"en-US\",\"potentialAction\":[{\"@type\":\"ReadAction\",\"target\":[\"https:\/\/torrefacteursansfrontiere.com\/en\/produit\/the-100-chaga\/\"]}]},{\"@type\":\"ImageObject\",\"inLanguage\":\"en-US\",\"@id\":\"https:\/\/torrefacteursansfrontiere.com\/en\/produit\/the-100-chaga\/#primaryimage\",\"url\":\"https:\/\/torrefacteursansfrontiere.com\/wp-content\/uploads\/2020\/11\/chaga-brulerie-mainville-1.jpg\",\"contentUrl\":\"https:\/\/torrefacteursansfrontiere.com\/wp-content\/uploads\/2020\/11\/chaga-brulerie-mainville-1.jpg\",\"width\":1500,\"height\":1000,\"caption\":\"\u00a0Chaga mushroom\"},{\"@type\":\"BreadcrumbList\",\"@id\":\"https:\/\/torrefacteursansfrontiere.com\/en\/produit\/the-100-chaga\/#breadcrumb\",\"itemListElement\":[{\"@type\":\"ListItem\",\"position\":1,\"name\":\"Accueil\",\"item\":\"https:\/\/torrefacteursansfrontiere.com\/en\/\"},{\"@type\":\"ListItem\",\"position\":2,\"name\":\"Shop\",\"item\":\"https:\/\/torrefacteursansfrontiere.com\/en\/shop\/\"},{\"@type\":\"ListItem\",\"position\":3,\"name\":\"The 100 % CHAGA\"}]},{\"@type\":\"WebSite\",\"@id\":\"https:\/\/torrefacteursansfrontiere.com\/#website\",\"url\":\"https:\/\/torrefacteursansfrontiere.com\/\",\"name\":\"Torr\u00e9facteur sans fronti\u00e8re\",\"description\":\"Torr\u00e9facteur sans fronti\u00e8re\",\"publisher\":{\"@id\":\"https:\/\/torrefacteursansfrontiere.com\/#organization\"},\"potentialAction\":[{\"@type\":\"SearchAction\",\"target\":{\"@type\":\"EntryPoint\",\"urlTemplate\":\"https:\/\/torrefacteursansfrontiere.com\/?s={search_term_string}\"},\"query-input\":{\"@type\":\"PropertyValueSpecification\",\"valueRequired\":true,\"valueName\":\"search_term_string\"}}],\"inLanguage\":\"en-US\"},{\"@type\":\"Organization\",\"@id\":\"https:\/\/torrefacteursansfrontiere.com\/#organization\",\"name\":\"Torr\u00e9facteur sans fronti\u00e8re\",\"url\":\"https:\/\/torrefacteursansfrontiere.com\/\",\"logo\":{\"@type\":\"ImageObject\",\"inLanguage\":\"en-US\",\"@id\":\"https:\/\/torrefacteursansfrontiere.com\/#\/schema\/logo\/image\/\",\"url\":\"https:\/\/torrefacteursansfrontiere.com\/wp-content\/uploads\/2021\/11\/ptb-frais-veloute-chaga-moulu-espresso-torrefaction-torrefacteur.jpg\",\"contentUrl\":\"https:\/\/torrefacteursansfrontiere.com\/wp-content\/uploads\/2021\/11\/ptb-frais-veloute-chaga-moulu-espresso-torrefaction-torrefacteur.jpg\",\"width\":1920,\"height\":900,\"caption\":\"Torr\u00e9facteur sans fronti\u00e8re\"},\"image\":{\"@id\":\"https:\/\/torrefacteursansfrontiere.com\/#\/schema\/logo\/image\/\"},\"sameAs\":[\"https:\/\/www.facebook.com\/torrefacteursansfrontiere\",\"https:\/\/www.instagram.com\/torrefacteursansfrontiere\"]}]}<\/script>\n<!-- \/ Yoast SEO plugin. -->","yoast_head_json":{"title":"The 100 % CHAGA \u00a0: Chaga mushroom - Torr\u00e9facteur sans fronti\u00e8re Mushroom Super Food","description":"\u00a0Chaga mushroom improves quality of life - Rich in antioxidants and fiber. Known as a super food for its immune stimulating.","robots":{"index":"index","follow":"follow","max-snippet":"max-snippet:-1","max-image-preview":"max-image-preview:large","max-video-preview":"max-video-preview:-1"},"canonical":"https:\/\/torrefacteursansfrontiere.com\/en\/produit\/the-100-chaga\/","og_locale":"en_US","og_type":"article","og_title":"The 100 % CHAGA \u00a0: Chaga mushroom - Torr\u00e9facteur sans fronti\u00e8re Mushroom Super Food","og_description":"\u00a0Chaga mushroom improves quality of life - Rich in antioxidants and fiber. Known as a super food for its immune stimulating.","og_url":"https:\/\/torrefacteursansfrontiere.com\/en\/produit\/the-100-chaga\/","og_site_name":"Torr\u00e9facteur sans fronti\u00e8re","article_publisher":"https:\/\/www.facebook.com\/torrefacteursansfrontiere","article_modified_time":"2024-01-10T21:28:03+00:00","og_image":[{"width":1500,"height":1000,"url":"https:\/\/torrefacteursansfrontiere.com\/wp-content\/uploads\/2020\/11\/chaga-brulerie-mainville-1.jpg","type":"image\/jpeg"}],"twitter_card":"summary_large_image","twitter_misc":{"Est. reading time":"1 minute"},"schema":{"@context":"https:\/\/schema.org","@graph":[{"@type":"WebPage","@id":"https:\/\/torrefacteursansfrontiere.com\/en\/produit\/the-100-chaga\/","url":"https:\/\/torrefacteursansfrontiere.com\/en\/produit\/the-100-chaga\/","name":"The 100 % CHAGA \u00a0: Chaga mushroom - Torr\u00e9facteur sans fronti\u00e8re Mushroom Super Food","isPartOf":{"@id":"https:\/\/torrefacteursansfrontiere.com\/#website"},"primaryImageOfPage":{"@id":"https:\/\/torrefacteursansfrontiere.com\/en\/produit\/the-100-chaga\/#primaryimage"},"image":{"@id":"https:\/\/torrefacteursansfrontiere.com\/en\/produit\/the-100-chaga\/#primaryimage"},"thumbnailUrl":"https:\/\/torrefacteursansfrontiere.com\/wp-content\/uploads\/2020\/11\/chaga-brulerie-mainville-1.jpg","datePublished":"2020-11-27T19:35:50+00:00","dateModified":"2024-01-10T21:28:03+00:00","description":"\u00a0Chaga mushroom improves quality of life - Rich in antioxidants and fiber. Known as a super food for its immune stimulating.","breadcrumb":{"@id":"https:\/\/torrefacteursansfrontiere.com\/en\/produit\/the-100-chaga\/#breadcrumb"},"inLanguage":"en-US","potentialAction":[{"@type":"ReadAction","target":["https:\/\/torrefacteursansfrontiere.com\/en\/produit\/the-100-chaga\/"]}]},{"@type":"ImageObject","inLanguage":"en-US","@id":"https:\/\/torrefacteursansfrontiere.com\/en\/produit\/the-100-chaga\/#primaryimage","url":"https:\/\/torrefacteursansfrontiere.com\/wp-content\/uploads\/2020\/11\/chaga-brulerie-mainville-1.jpg","contentUrl":"https:\/\/torrefacteursansfrontiere.com\/wp-content\/uploads\/2020\/11\/chaga-brulerie-mainville-1.jpg","width":1500,"height":1000,"caption":"\u00a0Chaga mushroom"},{"@type":"BreadcrumbList","@id":"https:\/\/torrefacteursansfrontiere.com\/en\/produit\/the-100-chaga\/#breadcrumb","itemListElement":[{"@type":"ListItem","position":1,"name":"Accueil","item":"https:\/\/torrefacteursansfrontiere.com\/en\/"},{"@type":"ListItem","position":2,"name":"Shop","item":"https:\/\/torrefacteursansfrontiere.com\/en\/shop\/"},{"@type":"ListItem","position":3,"name":"The 100 % CHAGA"}]},{"@type":"WebSite","@id":"https:\/\/torrefacteursansfrontiere.com\/#website","url":"https:\/\/torrefacteursansfrontiere.com\/","name":"Torr\u00e9facteur sans fronti\u00e8re","description":"Torr\u00e9facteur sans fronti\u00e8re","publisher":{"@id":"https:\/\/torrefacteursansfrontiere.com\/#organization"},"potentialAction":[{"@type":"SearchAction","target":{"@type":"EntryPoint","urlTemplate":"https:\/\/torrefacteursansfrontiere.com\/?s={search_term_string}"},"query-input":{"@type":"PropertyValueSpecification","valueRequired":true,"valueName":"search_term_string"}}],"inLanguage":"en-US"},{"@type":"Organization","@id":"https:\/\/torrefacteursansfrontiere.com\/#organization","name":"Torr\u00e9facteur sans fronti\u00e8re","url":"https:\/\/torrefacteursansfrontiere.com\/","logo":{"@type":"ImageObject","inLanguage":"en-US","@id":"https:\/\/torrefacteursansfrontiere.com\/#\/schema\/logo\/image\/","url":"https:\/\/torrefacteursansfrontiere.com\/wp-content\/uploads\/2021\/11\/ptb-frais-veloute-chaga-moulu-espresso-torrefaction-torrefacteur.jpg","contentUrl":"https:\/\/torrefacteursansfrontiere.com\/wp-content\/uploads\/2021\/11\/ptb-frais-veloute-chaga-moulu-espresso-torrefaction-torrefacteur.jpg","width":1920,"height":900,"caption":"Torr\u00e9facteur sans fronti\u00e8re"},"image":{"@id":"https:\/\/torrefacteursansfrontiere.com\/#\/schema\/logo\/image\/"},"sameAs":["https:\/\/www.facebook.com\/torrefacteursansfrontiere","https:\/\/www.instagram.com\/torrefacteursansfrontiere"]}]}},"_links":{"self":[{"href":"https:\/\/torrefacteursansfrontiere.com\/en\/wp-json\/wp\/v2\/product\/3080","targetHints":{"allow":["GET"]}}],"collection":[{"href":"https:\/\/torrefacteursansfrontiere.com\/en\/wp-json\/wp\/v2\/product"}],"about":[{"href":"https:\/\/torrefacteursansfrontiere.com\/en\/wp-json\/wp\/v2\/types\/product"}],"replies":[{"embeddable":true,"href":"https:\/\/torrefacteursansfrontiere.com\/en\/wp-json\/wp\/v2\/comments?post=3080"}],"wp:featuredmedia":[{"embeddable":true,"href":"https:\/\/torrefacteursansfrontiere.com\/en\/wp-json\/wp\/v2\/media\/2398"}],"wp:attachment":[{"href":"https:\/\/torrefacteursansfrontiere.com\/en\/wp-json\/wp\/v2\/media?parent=3080"}],"wp:term":[{"taxonomy":"product_brand","embeddable":true,"href":"https:\/\/torrefacteursansfrontiere.com\/en\/wp-json\/wp\/v2\/product_brand?post=3080"},{"taxonomy":"product_cat","embeddable":true,"href":"https:\/\/torrefacteursansfrontiere.com\/en\/wp-json\/wp\/v2\/product_cat?post=3080"},{"taxonomy":"product_tag","embeddable":true,"href":"https:\/\/torrefacteursansfrontiere.com\/en\/wp-json\/wp\/v2\/product_tag?post=3080"}],"curies":[{"name":"wp","href":"https:\/\/api.w.org\/{rel}","templated":true}]}}