{"id":4820,"date":"2022-02-10T11:34:55","date_gmt":"2022-02-10T16:34:55","guid":{"rendered":"https:\/\/torrefacteursansfrontiere.com\/?post_type=product&#038;p=4820"},"modified":"2024-02-28T15:12:34","modified_gmt":"2024-02-28T20:12:34","slug":"wake-up","status":"publish","type":"product","link":"https:\/\/torrefacteursansfrontiere.com\/en\/produit\/wake-up\/","title":{"rendered":"Wake-Up"},"content":{"rendered":"<p>A powerful mixture that will wake you up on difficult mornings. Wake-Up is for you! Dark roast lover, this creation with smoky notes will explode your taste buds. Take it every time you wake up and let yourself wake up to the beautiful music of flowing coffee.<\/p>\n<p><img decoding=\"async\" class=\"alignnone size-medium wp-image-4814\" src=\"https:\/\/torrefacteursansfrontiere.com\/wp-content\/uploads\/2022\/02\/Wake-Up-Copie-300x124.jpg\" alt=\"\" width=\"300\" height=\"124\" srcset=\"https:\/\/torrefacteursansfrontiere.com\/wp-content\/uploads\/2022\/02\/Wake-Up-Copie-200x82.jpg 200w, https:\/\/torrefacteursansfrontiere.com\/wp-content\/uploads\/2022\/02\/Wake-Up-Copie-300x124.jpg 300w, https:\/\/torrefacteursansfrontiere.com\/wp-content\/uploads\/2022\/02\/Wake-Up-Copie-400x165.jpg 400w, https:\/\/torrefacteursansfrontiere.com\/wp-content\/uploads\/2022\/02\/Wake-Up-Copie.jpg 425w\" sizes=\"(max-width: 300px) 100vw, 300px\" \/><\/p>\n<p>&nbsp;<\/p>\n","protected":false},"excerpt":{"rendered":"[fusion_checklist icon=\"fa-certificate fas\" iconcolor=\"\" circle=\"\" circlecolor=\"\" size=\"\" divider=\"\" divider_color=\"\" hide_on_mobile=\"small-visibility,medium-visibility,large-visibility\" class=\"\" id=\"\"][fusion_li_item icon=\"\"]Noir cacao[\/fusion_li_item]<br \/>\n[fusion_checklist icon=\"fa-check fas\" iconcolor=\"\" circle=\"\" circlecolor=\"\" size=\"\" divider=\"\" divider_color=\"\" hide_on_mobile=\"small-visibility,medium-visibility,large-visibility\" class=\"\" id=\"\"][fusion_li_item icon=\"\"]Cafeti\u00e8re \u00e0 grains[\/fusion_li_item]<br \/>\n[fusion_li_item icon=\"\"]<span style=\"color: #686868;\">Espresso<\/span>[\/fusion_li_item]<br \/>\n[fusion_li_item icon=\"\"]Cafeti\u00e8re filtre automatique[\/fusion_li_item]<br \/>\n[fusion_li_item icon=\"\"]Infusion (Percolateur \u2013 Cafeti\u00e8re \u00e0 piston)[\/fusion_li_item][\/fusion_checklist]\n","protected":false},"featured_media":4813,"comment_status":"open","ping_status":"closed","template":"","meta":[],"product_brand":[],"product_cat":[52,67],"product_tag":[],"class_list":{"0":"post-4820","1":"product","2":"type-product","3":"status-publish","4":"has-post-thumbnail","6":"product_cat-coffee","7":"product_cat-subscriptions","8":"has-subscription-plans","10":"first","11":"instock","12":"purchasable","13":"product-type-variable"},"yoast_head":"<!-- This site is optimized with the Yoast SEO plugin v26.9 - https:\/\/yoast.com\/product\/yoast-seo-wordpress\/ -->\n<title>Caf\u00e9 - Wake-Up - Torr\u00e9facteur sans fronti\u00e8re<\/title>\n<meta name=\"description\" content=\"Un m\u00e9lange qui d\u00e9cape et qui va te r\u00e9veiller dans les matins difficiles. Amateur de torr\u00e9faction fonc\u00e9, le wake-Up est pour toi!\" \/>\n<meta name=\"robots\" content=\"index, follow, max-snippet:-1, max-image-preview:large, max-video-preview:-1\" \/>\n<link rel=\"canonical\" href=\"https:\/\/torrefacteursansfrontiere.com\/en\/produit\/wake-up\/\" \/>\n<meta property=\"og:locale\" content=\"en_US\" \/>\n<meta property=\"og:type\" content=\"article\" \/>\n<meta property=\"og:title\" content=\"Caf\u00e9 - Wake-Up - Torr\u00e9facteur sans fronti\u00e8re\" \/>\n<meta property=\"og:description\" content=\"Un m\u00e9lange qui d\u00e9cape et qui va te r\u00e9veiller dans les matins difficiles. Amateur de torr\u00e9faction fonc\u00e9, le wake-Up est pour toi!\" \/>\n<meta property=\"og:url\" content=\"https:\/\/torrefacteursansfrontiere.com\/en\/produit\/wake-up\/\" \/>\n<meta property=\"og:site_name\" content=\"Torr\u00e9facteur sans fronti\u00e8re\" \/>\n<meta property=\"article:publisher\" content=\"https:\/\/www.facebook.com\/torrefacteursansfrontiere\" \/>\n<meta property=\"article:modified_time\" content=\"2024-02-28T20:12:34+00:00\" \/>\n<meta property=\"og:image\" content=\"https:\/\/torrefacteursansfrontiere.com\/wp-content\/uploads\/2022\/02\/wake-up1500-1000.jpg\" \/>\n\t<meta property=\"og:image:width\" content=\"1500\" \/>\n\t<meta property=\"og:image:height\" content=\"1000\" \/>\n\t<meta property=\"og:image:type\" content=\"image\/jpeg\" \/>\n<meta name=\"twitter:card\" content=\"summary_large_image\" \/>\n<meta name=\"twitter:label1\" content=\"Est. reading time\" \/>\n\t<meta name=\"twitter:data1\" content=\"1 minute\" \/>\n<script type=\"application\/ld+json\" class=\"yoast-schema-graph\">{\"@context\":\"https:\/\/schema.org\",\"@graph\":[{\"@type\":\"WebPage\",\"@id\":\"https:\/\/torrefacteursansfrontiere.com\/en\/produit\/wake-up\/\",\"url\":\"https:\/\/torrefacteursansfrontiere.com\/en\/produit\/wake-up\/\",\"name\":\"Caf\u00e9 - Wake-Up - Torr\u00e9facteur sans fronti\u00e8re\",\"isPartOf\":{\"@id\":\"https:\/\/torrefacteursansfrontiere.com\/#website\"},\"primaryImageOfPage\":{\"@id\":\"https:\/\/torrefacteursansfrontiere.com\/en\/produit\/wake-up\/#primaryimage\"},\"image\":{\"@id\":\"https:\/\/torrefacteursansfrontiere.com\/en\/produit\/wake-up\/#primaryimage\"},\"thumbnailUrl\":\"https:\/\/torrefacteursansfrontiere.com\/wp-content\/uploads\/2022\/02\/wake-up1500-1000.jpg\",\"datePublished\":\"2022-02-10T16:34:55+00:00\",\"dateModified\":\"2024-02-28T20:12:34+00:00\",\"description\":\"Un m\u00e9lange qui d\u00e9cape et qui va te r\u00e9veiller dans les matins difficiles. Amateur de torr\u00e9faction fonc\u00e9, le wake-Up est pour toi!\",\"breadcrumb\":{\"@id\":\"https:\/\/torrefacteursansfrontiere.com\/en\/produit\/wake-up\/#breadcrumb\"},\"inLanguage\":\"en-US\",\"potentialAction\":[{\"@type\":\"ReadAction\",\"target\":[\"https:\/\/torrefacteursansfrontiere.com\/en\/produit\/wake-up\/\"]}]},{\"@type\":\"ImageObject\",\"inLanguage\":\"en-US\",\"@id\":\"https:\/\/torrefacteursansfrontiere.com\/en\/produit\/wake-up\/#primaryimage\",\"url\":\"https:\/\/torrefacteursansfrontiere.com\/wp-content\/uploads\/2022\/02\/wake-up1500-1000.jpg\",\"contentUrl\":\"https:\/\/torrefacteursansfrontiere.com\/wp-content\/uploads\/2022\/02\/wake-up1500-1000.jpg\",\"width\":1500,\"height\":1000},{\"@type\":\"BreadcrumbList\",\"@id\":\"https:\/\/torrefacteursansfrontiere.com\/en\/produit\/wake-up\/#breadcrumb\",\"itemListElement\":[{\"@type\":\"ListItem\",\"position\":1,\"name\":\"Accueil\",\"item\":\"https:\/\/torrefacteursansfrontiere.com\/en\/\"},{\"@type\":\"ListItem\",\"position\":2,\"name\":\"Shop\",\"item\":\"https:\/\/torrefacteursansfrontiere.com\/en\/shop\/\"},{\"@type\":\"ListItem\",\"position\":3,\"name\":\"Wake-Up\"}]},{\"@type\":\"WebSite\",\"@id\":\"https:\/\/torrefacteursansfrontiere.com\/#website\",\"url\":\"https:\/\/torrefacteursansfrontiere.com\/\",\"name\":\"Torr\u00e9facteur sans fronti\u00e8re\",\"description\":\"Torr\u00e9facteur sans fronti\u00e8re\",\"publisher\":{\"@id\":\"https:\/\/torrefacteursansfrontiere.com\/#organization\"},\"potentialAction\":[{\"@type\":\"SearchAction\",\"target\":{\"@type\":\"EntryPoint\",\"urlTemplate\":\"https:\/\/torrefacteursansfrontiere.com\/?s={search_term_string}\"},\"query-input\":{\"@type\":\"PropertyValueSpecification\",\"valueRequired\":true,\"valueName\":\"search_term_string\"}}],\"inLanguage\":\"en-US\"},{\"@type\":\"Organization\",\"@id\":\"https:\/\/torrefacteursansfrontiere.com\/#organization\",\"name\":\"Torr\u00e9facteur sans fronti\u00e8re\",\"url\":\"https:\/\/torrefacteursansfrontiere.com\/\",\"logo\":{\"@type\":\"ImageObject\",\"inLanguage\":\"en-US\",\"@id\":\"https:\/\/torrefacteursansfrontiere.com\/#\/schema\/logo\/image\/\",\"url\":\"https:\/\/torrefacteursansfrontiere.com\/wp-content\/uploads\/2021\/11\/ptb-frais-veloute-chaga-moulu-espresso-torrefaction-torrefacteur.jpg\",\"contentUrl\":\"https:\/\/torrefacteursansfrontiere.com\/wp-content\/uploads\/2021\/11\/ptb-frais-veloute-chaga-moulu-espresso-torrefaction-torrefacteur.jpg\",\"width\":1920,\"height\":900,\"caption\":\"Torr\u00e9facteur sans fronti\u00e8re\"},\"image\":{\"@id\":\"https:\/\/torrefacteursansfrontiere.com\/#\/schema\/logo\/image\/\"},\"sameAs\":[\"https:\/\/www.facebook.com\/torrefacteursansfrontiere\",\"https:\/\/www.instagram.com\/torrefacteursansfrontiere\"]}]}<\/script>\n<!-- \/ Yoast SEO plugin. -->","yoast_head_json":{"title":"Caf\u00e9 - Wake-Up - Torr\u00e9facteur sans fronti\u00e8re","description":"Un m\u00e9lange qui d\u00e9cape et qui va te r\u00e9veiller dans les matins difficiles. Amateur de torr\u00e9faction fonc\u00e9, le wake-Up est pour toi!","robots":{"index":"index","follow":"follow","max-snippet":"max-snippet:-1","max-image-preview":"max-image-preview:large","max-video-preview":"max-video-preview:-1"},"canonical":"https:\/\/torrefacteursansfrontiere.com\/en\/produit\/wake-up\/","og_locale":"en_US","og_type":"article","og_title":"Caf\u00e9 - Wake-Up - Torr\u00e9facteur sans fronti\u00e8re","og_description":"Un m\u00e9lange qui d\u00e9cape et qui va te r\u00e9veiller dans les matins difficiles. Amateur de torr\u00e9faction fonc\u00e9, le wake-Up est pour toi!","og_url":"https:\/\/torrefacteursansfrontiere.com\/en\/produit\/wake-up\/","og_site_name":"Torr\u00e9facteur sans fronti\u00e8re","article_publisher":"https:\/\/www.facebook.com\/torrefacteursansfrontiere","article_modified_time":"2024-02-28T20:12:34+00:00","og_image":[{"width":1500,"height":1000,"url":"https:\/\/torrefacteursansfrontiere.com\/wp-content\/uploads\/2022\/02\/wake-up1500-1000.jpg","type":"image\/jpeg"}],"twitter_card":"summary_large_image","twitter_misc":{"Est. reading time":"1 minute"},"schema":{"@context":"https:\/\/schema.org","@graph":[{"@type":"WebPage","@id":"https:\/\/torrefacteursansfrontiere.com\/en\/produit\/wake-up\/","url":"https:\/\/torrefacteursansfrontiere.com\/en\/produit\/wake-up\/","name":"Caf\u00e9 - Wake-Up - Torr\u00e9facteur sans fronti\u00e8re","isPartOf":{"@id":"https:\/\/torrefacteursansfrontiere.com\/#website"},"primaryImageOfPage":{"@id":"https:\/\/torrefacteursansfrontiere.com\/en\/produit\/wake-up\/#primaryimage"},"image":{"@id":"https:\/\/torrefacteursansfrontiere.com\/en\/produit\/wake-up\/#primaryimage"},"thumbnailUrl":"https:\/\/torrefacteursansfrontiere.com\/wp-content\/uploads\/2022\/02\/wake-up1500-1000.jpg","datePublished":"2022-02-10T16:34:55+00:00","dateModified":"2024-02-28T20:12:34+00:00","description":"Un m\u00e9lange qui d\u00e9cape et qui va te r\u00e9veiller dans les matins difficiles. Amateur de torr\u00e9faction fonc\u00e9, le wake-Up est pour toi!","breadcrumb":{"@id":"https:\/\/torrefacteursansfrontiere.com\/en\/produit\/wake-up\/#breadcrumb"},"inLanguage":"en-US","potentialAction":[{"@type":"ReadAction","target":["https:\/\/torrefacteursansfrontiere.com\/en\/produit\/wake-up\/"]}]},{"@type":"ImageObject","inLanguage":"en-US","@id":"https:\/\/torrefacteursansfrontiere.com\/en\/produit\/wake-up\/#primaryimage","url":"https:\/\/torrefacteursansfrontiere.com\/wp-content\/uploads\/2022\/02\/wake-up1500-1000.jpg","contentUrl":"https:\/\/torrefacteursansfrontiere.com\/wp-content\/uploads\/2022\/02\/wake-up1500-1000.jpg","width":1500,"height":1000},{"@type":"BreadcrumbList","@id":"https:\/\/torrefacteursansfrontiere.com\/en\/produit\/wake-up\/#breadcrumb","itemListElement":[{"@type":"ListItem","position":1,"name":"Accueil","item":"https:\/\/torrefacteursansfrontiere.com\/en\/"},{"@type":"ListItem","position":2,"name":"Shop","item":"https:\/\/torrefacteursansfrontiere.com\/en\/shop\/"},{"@type":"ListItem","position":3,"name":"Wake-Up"}]},{"@type":"WebSite","@id":"https:\/\/torrefacteursansfrontiere.com\/#website","url":"https:\/\/torrefacteursansfrontiere.com\/","name":"Torr\u00e9facteur sans fronti\u00e8re","description":"Torr\u00e9facteur sans fronti\u00e8re","publisher":{"@id":"https:\/\/torrefacteursansfrontiere.com\/#organization"},"potentialAction":[{"@type":"SearchAction","target":{"@type":"EntryPoint","urlTemplate":"https:\/\/torrefacteursansfrontiere.com\/?s={search_term_string}"},"query-input":{"@type":"PropertyValueSpecification","valueRequired":true,"valueName":"search_term_string"}}],"inLanguage":"en-US"},{"@type":"Organization","@id":"https:\/\/torrefacteursansfrontiere.com\/#organization","name":"Torr\u00e9facteur sans fronti\u00e8re","url":"https:\/\/torrefacteursansfrontiere.com\/","logo":{"@type":"ImageObject","inLanguage":"en-US","@id":"https:\/\/torrefacteursansfrontiere.com\/#\/schema\/logo\/image\/","url":"https:\/\/torrefacteursansfrontiere.com\/wp-content\/uploads\/2021\/11\/ptb-frais-veloute-chaga-moulu-espresso-torrefaction-torrefacteur.jpg","contentUrl":"https:\/\/torrefacteursansfrontiere.com\/wp-content\/uploads\/2021\/11\/ptb-frais-veloute-chaga-moulu-espresso-torrefaction-torrefacteur.jpg","width":1920,"height":900,"caption":"Torr\u00e9facteur sans fronti\u00e8re"},"image":{"@id":"https:\/\/torrefacteursansfrontiere.com\/#\/schema\/logo\/image\/"},"sameAs":["https:\/\/www.facebook.com\/torrefacteursansfrontiere","https:\/\/www.instagram.com\/torrefacteursansfrontiere"]}]}},"_links":{"self":[{"href":"https:\/\/torrefacteursansfrontiere.com\/en\/wp-json\/wp\/v2\/product\/4820","targetHints":{"allow":["GET"]}}],"collection":[{"href":"https:\/\/torrefacteursansfrontiere.com\/en\/wp-json\/wp\/v2\/product"}],"about":[{"href":"https:\/\/torrefacteursansfrontiere.com\/en\/wp-json\/wp\/v2\/types\/product"}],"replies":[{"embeddable":true,"href":"https:\/\/torrefacteursansfrontiere.com\/en\/wp-json\/wp\/v2\/comments?post=4820"}],"wp:featuredmedia":[{"embeddable":true,"href":"https:\/\/torrefacteursansfrontiere.com\/en\/wp-json\/wp\/v2\/media\/4813"}],"wp:attachment":[{"href":"https:\/\/torrefacteursansfrontiere.com\/en\/wp-json\/wp\/v2\/media?parent=4820"}],"wp:term":[{"taxonomy":"product_brand","embeddable":true,"href":"https:\/\/torrefacteursansfrontiere.com\/en\/wp-json\/wp\/v2\/product_brand?post=4820"},{"taxonomy":"product_cat","embeddable":true,"href":"https:\/\/torrefacteursansfrontiere.com\/en\/wp-json\/wp\/v2\/product_cat?post=4820"},{"taxonomy":"product_tag","embeddable":true,"href":"https:\/\/torrefacteursansfrontiere.com\/en\/wp-json\/wp\/v2\/product_tag?post=4820"}],"curies":[{"name":"wp","href":"https:\/\/api.w.org\/{rel}","templated":true}]}}