{"id":5116,"date":"2022-05-18T07:29:33","date_gmt":"2022-05-18T11:29:35","guid":{"rendered":"https:\/\/torrefacteursansfrontiere.com\/?post_type=product&#038;p=5116"},"modified":"2024-01-10T10:53:56","modified_gmt":"2024-01-10T15:53:56","slug":"kenya","status":"publish","type":"product","link":"https:\/\/torrefacteursansfrontiere.com\/en\/produit\/kenya\/","title":{"rendered":"Kenya"},"content":{"rendered":"<p>Delicious and velvety coffee with notes of caramel. Arabica quality beans sourced from a specific plot of land in Kenya. Try it as Espresso or filter, this quality coffee will charm you.<\/p>\n<p><img decoding=\"async\" class=\"alignnone wp-image-5111 size-medium\" src=\"https:\/\/torrefacteursansfrontiere.com\/wp-content\/uploads\/2022\/05\/KenyaEtiquette-300x124.jpg\" alt=\"\" width=\"300\" height=\"124\" srcset=\"https:\/\/torrefacteursansfrontiere.com\/wp-content\/uploads\/2022\/05\/KenyaEtiquette-200x82.jpg 200w, https:\/\/torrefacteursansfrontiere.com\/wp-content\/uploads\/2022\/05\/KenyaEtiquette-300x124.jpg 300w, https:\/\/torrefacteursansfrontiere.com\/wp-content\/uploads\/2022\/05\/KenyaEtiquette-400x165.jpg 400w, https:\/\/torrefacteursansfrontiere.com\/wp-content\/uploads\/2022\/05\/KenyaEtiquette.jpg 425w\" sizes=\"(max-width: 300px) 100vw, 300px\" \/><\/p>\n<p>&nbsp;<\/p>\n","protected":false},"excerpt":{"rendered":"[fusion_checklist icon=\"fa-certificate fas\" iconcolor=\"\" circle=\"\" circlecolor=\"\" size=\"\" divider=\"\" divider_color=\"\" hide_on_mobile=\"small-visibility,medium-visibility,large-visibility\" class=\"\" id=\"\"][fusion_li_item icon=\"\"]Caramel[\/fusion_li_item]<br \/>\n[fusion_checklist icon=\"fa-check fas\" iconcolor=\"\" circle=\"\" circlecolor=\"\" size=\"\" divider=\"\" divider_color=\"\" hide_on_mobile=\"small-visibility,medium-visibility,large-visibility\" class=\"\" id=\"\"][fusion_li_item icon=\"\"]Bean coffee maker[\/fusion_li_item]<br \/>\n[fusion_li_item icon=\"\"]<span style=\"color: #686868;\">Expresso<\/span>[\/fusion_li_item]<br \/>\n[fusion_li_item icon=\"\"]Automatic filter coffee maker[\/fusion_li_item]<br \/>\n[fusion_li_item icon=\"\"]Infusion (Percolator &#8211; French press)[\/fusion_li_item][\/fusion_checklist]\n","protected":false},"featured_media":5110,"comment_status":"open","ping_status":"closed","template":"","meta":[],"product_brand":[],"product_cat":[52,67],"product_tag":[],"class_list":{"0":"post-5116","1":"product","2":"type-product","3":"status-publish","4":"has-post-thumbnail","6":"product_cat-coffee","7":"product_cat-subscriptions","8":"has-subscription-plans","10":"first","11":"instock","12":"purchasable","13":"product-type-variable"},"yoast_head":"<!-- This site is optimized with the Yoast SEO plugin v26.9 - https:\/\/yoast.com\/product\/yoast-seo-wordpress\/ -->\n<title>Kenya coffee - Torr\u00e9facteur sans fronti\u00e8re<\/title>\n<meta name=\"description\" content=\"Delicious and velvety coffee with notes of caramel. Arabica quality beans sourced from a specific plot of land in Kenya.\" \/>\n<meta name=\"robots\" content=\"index, follow, max-snippet:-1, max-image-preview:large, max-video-preview:-1\" \/>\n<link rel=\"canonical\" href=\"https:\/\/torrefacteursansfrontiere.com\/en\/produit\/kenya\/\" \/>\n<meta property=\"og:locale\" content=\"en_US\" \/>\n<meta property=\"og:type\" content=\"article\" \/>\n<meta property=\"og:title\" content=\"Kenya coffee - Torr\u00e9facteur sans fronti\u00e8re\" \/>\n<meta property=\"og:description\" content=\"Delicious and velvety coffee with notes of caramel. Arabica quality beans sourced from a specific plot of land in Kenya.\" \/>\n<meta property=\"og:url\" content=\"https:\/\/torrefacteursansfrontiere.com\/en\/produit\/kenya\/\" \/>\n<meta property=\"og:site_name\" content=\"Torr\u00e9facteur sans fronti\u00e8re\" \/>\n<meta property=\"article:publisher\" content=\"https:\/\/www.facebook.com\/torrefacteursansfrontiere\" \/>\n<meta property=\"article:modified_time\" content=\"2024-01-10T15:53:56+00:00\" \/>\n<meta property=\"og:image\" content=\"https:\/\/torrefacteursansfrontiere.com\/wp-content\/uploads\/2022\/05\/kenya.jpg\" \/>\n\t<meta property=\"og:image:width\" content=\"1500\" \/>\n\t<meta property=\"og:image:height\" content=\"1000\" \/>\n\t<meta property=\"og:image:type\" content=\"image\/jpeg\" \/>\n<meta name=\"twitter:card\" content=\"summary_large_image\" \/>\n<meta name=\"twitter:label1\" content=\"Est. reading time\" \/>\n\t<meta name=\"twitter:data1\" content=\"1 minute\" \/>\n<script type=\"application\/ld+json\" class=\"yoast-schema-graph\">{\"@context\":\"https:\/\/schema.org\",\"@graph\":[{\"@type\":\"WebPage\",\"@id\":\"https:\/\/torrefacteursansfrontiere.com\/en\/produit\/kenya\/\",\"url\":\"https:\/\/torrefacteursansfrontiere.com\/en\/produit\/kenya\/\",\"name\":\"Kenya coffee - Torr\u00e9facteur sans fronti\u00e8re\",\"isPartOf\":{\"@id\":\"https:\/\/torrefacteursansfrontiere.com\/#website\"},\"primaryImageOfPage\":{\"@id\":\"https:\/\/torrefacteursansfrontiere.com\/en\/produit\/kenya\/#primaryimage\"},\"image\":{\"@id\":\"https:\/\/torrefacteursansfrontiere.com\/en\/produit\/kenya\/#primaryimage\"},\"thumbnailUrl\":\"https:\/\/torrefacteursansfrontiere.com\/wp-content\/uploads\/2022\/05\/kenya.jpg\",\"datePublished\":\"2022-05-18T11:29:35+00:00\",\"dateModified\":\"2024-01-10T15:53:56+00:00\",\"description\":\"Delicious and velvety coffee with notes of caramel. Arabica quality beans sourced from a specific plot of land in Kenya.\",\"breadcrumb\":{\"@id\":\"https:\/\/torrefacteursansfrontiere.com\/en\/produit\/kenya\/#breadcrumb\"},\"inLanguage\":\"en-US\",\"potentialAction\":[{\"@type\":\"ReadAction\",\"target\":[\"https:\/\/torrefacteursansfrontiere.com\/en\/produit\/kenya\/\"]}]},{\"@type\":\"ImageObject\",\"inLanguage\":\"en-US\",\"@id\":\"https:\/\/torrefacteursansfrontiere.com\/en\/produit\/kenya\/#primaryimage\",\"url\":\"https:\/\/torrefacteursansfrontiere.com\/wp-content\/uploads\/2022\/05\/kenya.jpg\",\"contentUrl\":\"https:\/\/torrefacteursansfrontiere.com\/wp-content\/uploads\/2022\/05\/kenya.jpg\",\"width\":1500,\"height\":1000},{\"@type\":\"BreadcrumbList\",\"@id\":\"https:\/\/torrefacteursansfrontiere.com\/en\/produit\/kenya\/#breadcrumb\",\"itemListElement\":[{\"@type\":\"ListItem\",\"position\":1,\"name\":\"Accueil\",\"item\":\"https:\/\/torrefacteursansfrontiere.com\/en\/\"},{\"@type\":\"ListItem\",\"position\":2,\"name\":\"Shop\",\"item\":\"https:\/\/torrefacteursansfrontiere.com\/en\/shop\/\"},{\"@type\":\"ListItem\",\"position\":3,\"name\":\"Kenya\"}]},{\"@type\":\"WebSite\",\"@id\":\"https:\/\/torrefacteursansfrontiere.com\/#website\",\"url\":\"https:\/\/torrefacteursansfrontiere.com\/\",\"name\":\"Torr\u00e9facteur sans fronti\u00e8re\",\"description\":\"Torr\u00e9facteur sans fronti\u00e8re\",\"publisher\":{\"@id\":\"https:\/\/torrefacteursansfrontiere.com\/#organization\"},\"potentialAction\":[{\"@type\":\"SearchAction\",\"target\":{\"@type\":\"EntryPoint\",\"urlTemplate\":\"https:\/\/torrefacteursansfrontiere.com\/?s={search_term_string}\"},\"query-input\":{\"@type\":\"PropertyValueSpecification\",\"valueRequired\":true,\"valueName\":\"search_term_string\"}}],\"inLanguage\":\"en-US\"},{\"@type\":\"Organization\",\"@id\":\"https:\/\/torrefacteursansfrontiere.com\/#organization\",\"name\":\"Torr\u00e9facteur sans fronti\u00e8re\",\"url\":\"https:\/\/torrefacteursansfrontiere.com\/\",\"logo\":{\"@type\":\"ImageObject\",\"inLanguage\":\"en-US\",\"@id\":\"https:\/\/torrefacteursansfrontiere.com\/#\/schema\/logo\/image\/\",\"url\":\"https:\/\/torrefacteursansfrontiere.com\/wp-content\/uploads\/2021\/11\/ptb-frais-veloute-chaga-moulu-espresso-torrefaction-torrefacteur.jpg\",\"contentUrl\":\"https:\/\/torrefacteursansfrontiere.com\/wp-content\/uploads\/2021\/11\/ptb-frais-veloute-chaga-moulu-espresso-torrefaction-torrefacteur.jpg\",\"width\":1920,\"height\":900,\"caption\":\"Torr\u00e9facteur sans fronti\u00e8re\"},\"image\":{\"@id\":\"https:\/\/torrefacteursansfrontiere.com\/#\/schema\/logo\/image\/\"},\"sameAs\":[\"https:\/\/www.facebook.com\/torrefacteursansfrontiere\",\"https:\/\/www.instagram.com\/torrefacteursansfrontiere\"]}]}<\/script>\n<!-- \/ Yoast SEO plugin. -->","yoast_head_json":{"title":"Kenya coffee - Torr\u00e9facteur sans fronti\u00e8re","description":"Delicious and velvety coffee with notes of caramel. Arabica quality beans sourced from a specific plot of land in Kenya.","robots":{"index":"index","follow":"follow","max-snippet":"max-snippet:-1","max-image-preview":"max-image-preview:large","max-video-preview":"max-video-preview:-1"},"canonical":"https:\/\/torrefacteursansfrontiere.com\/en\/produit\/kenya\/","og_locale":"en_US","og_type":"article","og_title":"Kenya coffee - Torr\u00e9facteur sans fronti\u00e8re","og_description":"Delicious and velvety coffee with notes of caramel. Arabica quality beans sourced from a specific plot of land in Kenya.","og_url":"https:\/\/torrefacteursansfrontiere.com\/en\/produit\/kenya\/","og_site_name":"Torr\u00e9facteur sans fronti\u00e8re","article_publisher":"https:\/\/www.facebook.com\/torrefacteursansfrontiere","article_modified_time":"2024-01-10T15:53:56+00:00","og_image":[{"width":1500,"height":1000,"url":"https:\/\/torrefacteursansfrontiere.com\/wp-content\/uploads\/2022\/05\/kenya.jpg","type":"image\/jpeg"}],"twitter_card":"summary_large_image","twitter_misc":{"Est. reading time":"1 minute"},"schema":{"@context":"https:\/\/schema.org","@graph":[{"@type":"WebPage","@id":"https:\/\/torrefacteursansfrontiere.com\/en\/produit\/kenya\/","url":"https:\/\/torrefacteursansfrontiere.com\/en\/produit\/kenya\/","name":"Kenya coffee - Torr\u00e9facteur sans fronti\u00e8re","isPartOf":{"@id":"https:\/\/torrefacteursansfrontiere.com\/#website"},"primaryImageOfPage":{"@id":"https:\/\/torrefacteursansfrontiere.com\/en\/produit\/kenya\/#primaryimage"},"image":{"@id":"https:\/\/torrefacteursansfrontiere.com\/en\/produit\/kenya\/#primaryimage"},"thumbnailUrl":"https:\/\/torrefacteursansfrontiere.com\/wp-content\/uploads\/2022\/05\/kenya.jpg","datePublished":"2022-05-18T11:29:35+00:00","dateModified":"2024-01-10T15:53:56+00:00","description":"Delicious and velvety coffee with notes of caramel. Arabica quality beans sourced from a specific plot of land in Kenya.","breadcrumb":{"@id":"https:\/\/torrefacteursansfrontiere.com\/en\/produit\/kenya\/#breadcrumb"},"inLanguage":"en-US","potentialAction":[{"@type":"ReadAction","target":["https:\/\/torrefacteursansfrontiere.com\/en\/produit\/kenya\/"]}]},{"@type":"ImageObject","inLanguage":"en-US","@id":"https:\/\/torrefacteursansfrontiere.com\/en\/produit\/kenya\/#primaryimage","url":"https:\/\/torrefacteursansfrontiere.com\/wp-content\/uploads\/2022\/05\/kenya.jpg","contentUrl":"https:\/\/torrefacteursansfrontiere.com\/wp-content\/uploads\/2022\/05\/kenya.jpg","width":1500,"height":1000},{"@type":"BreadcrumbList","@id":"https:\/\/torrefacteursansfrontiere.com\/en\/produit\/kenya\/#breadcrumb","itemListElement":[{"@type":"ListItem","position":1,"name":"Accueil","item":"https:\/\/torrefacteursansfrontiere.com\/en\/"},{"@type":"ListItem","position":2,"name":"Shop","item":"https:\/\/torrefacteursansfrontiere.com\/en\/shop\/"},{"@type":"ListItem","position":3,"name":"Kenya"}]},{"@type":"WebSite","@id":"https:\/\/torrefacteursansfrontiere.com\/#website","url":"https:\/\/torrefacteursansfrontiere.com\/","name":"Torr\u00e9facteur sans fronti\u00e8re","description":"Torr\u00e9facteur sans fronti\u00e8re","publisher":{"@id":"https:\/\/torrefacteursansfrontiere.com\/#organization"},"potentialAction":[{"@type":"SearchAction","target":{"@type":"EntryPoint","urlTemplate":"https:\/\/torrefacteursansfrontiere.com\/?s={search_term_string}"},"query-input":{"@type":"PropertyValueSpecification","valueRequired":true,"valueName":"search_term_string"}}],"inLanguage":"en-US"},{"@type":"Organization","@id":"https:\/\/torrefacteursansfrontiere.com\/#organization","name":"Torr\u00e9facteur sans fronti\u00e8re","url":"https:\/\/torrefacteursansfrontiere.com\/","logo":{"@type":"ImageObject","inLanguage":"en-US","@id":"https:\/\/torrefacteursansfrontiere.com\/#\/schema\/logo\/image\/","url":"https:\/\/torrefacteursansfrontiere.com\/wp-content\/uploads\/2021\/11\/ptb-frais-veloute-chaga-moulu-espresso-torrefaction-torrefacteur.jpg","contentUrl":"https:\/\/torrefacteursansfrontiere.com\/wp-content\/uploads\/2021\/11\/ptb-frais-veloute-chaga-moulu-espresso-torrefaction-torrefacteur.jpg","width":1920,"height":900,"caption":"Torr\u00e9facteur sans fronti\u00e8re"},"image":{"@id":"https:\/\/torrefacteursansfrontiere.com\/#\/schema\/logo\/image\/"},"sameAs":["https:\/\/www.facebook.com\/torrefacteursansfrontiere","https:\/\/www.instagram.com\/torrefacteursansfrontiere"]}]}},"_links":{"self":[{"href":"https:\/\/torrefacteursansfrontiere.com\/en\/wp-json\/wp\/v2\/product\/5116","targetHints":{"allow":["GET"]}}],"collection":[{"href":"https:\/\/torrefacteursansfrontiere.com\/en\/wp-json\/wp\/v2\/product"}],"about":[{"href":"https:\/\/torrefacteursansfrontiere.com\/en\/wp-json\/wp\/v2\/types\/product"}],"replies":[{"embeddable":true,"href":"https:\/\/torrefacteursansfrontiere.com\/en\/wp-json\/wp\/v2\/comments?post=5116"}],"wp:featuredmedia":[{"embeddable":true,"href":"https:\/\/torrefacteursansfrontiere.com\/en\/wp-json\/wp\/v2\/media\/5110"}],"wp:attachment":[{"href":"https:\/\/torrefacteursansfrontiere.com\/en\/wp-json\/wp\/v2\/media?parent=5116"}],"wp:term":[{"taxonomy":"product_brand","embeddable":true,"href":"https:\/\/torrefacteursansfrontiere.com\/en\/wp-json\/wp\/v2\/product_brand?post=5116"},{"taxonomy":"product_cat","embeddable":true,"href":"https:\/\/torrefacteursansfrontiere.com\/en\/wp-json\/wp\/v2\/product_cat?post=5116"},{"taxonomy":"product_tag","embeddable":true,"href":"https:\/\/torrefacteursansfrontiere.com\/en\/wp-json\/wp\/v2\/product_tag?post=5116"}],"curies":[{"name":"wp","href":"https:\/\/api.w.org\/{rel}","templated":true}]}}