{"id":9023,"date":"2025-08-27T16:41:42","date_gmt":"2025-08-27T20:41:42","guid":{"rendered":"https:\/\/torrefacteursansfrontiere.com\/?post_type=product&#038;p=9023"},"modified":"2025-08-28T18:42:39","modified_gmt":"2025-08-28T22:42:39","slug":"frontiere-automne-gift-box","status":"publish","type":"product","link":"https:\/\/torrefacteursansfrontiere.com\/en\/produit\/frontiere-automne-gift-box\/","title":{"rendered":"Fronti\u00e8re Automne &#8211; Gift Box"},"content":{"rendered":"<h4><b><span style=\"background: #326864; color: white;\">The product will be delivered from the second week of October.<\/span><\/b><\/h4>\n<p data-start=\"254\" data-end=\"585\">Autumn is the time to slow down, warm up, and savor the small pleasures that make this season so unique. With <em data-start=\"364\" data-end=\"383\">Fronti\u00e8re automne<\/em>, our new <strong data-start=\"393\" data-end=\"407\">TSF RITUAL<\/strong> gift set, we have brought together everything you need to transform your daily coffee into a comforting moment. A complete experience, available only as a limited-time pre-sale!<\/p>\n<p data-start=\"587\" data-end=\"609\">What&#8217;s in the box:<\/p>\n<ul data-start=\"611\" data-end=\"1038\">\n<li data-start=\"611\" data-end=\"698\">\n<p data-start=\"613\" data-end=\"698\"><strong data-start=\"613\" data-end=\"635\">Our Sumatra coffee<\/strong>, rich and comforting, 454 g available in your preferred grind;<\/p>\n<\/li>\n<li data-start=\"611\" data-end=\"698\">\n<p data-start=\"613\" data-end=\"698\"><strong data-start=\"701\" data-end=\"743\">The \u201cVelours des Tauries\u201d simple syrup<\/strong>, with beetroot, raspberry, and turmeric, 100 ml;<\/p>\n<\/li>\n<li data-start=\"793\" data-end=\"876\">\n<p data-start=\"795\" data-end=\"876\"><strong data-start=\"795\" data-end=\"836\">The signature \u201cGolden Velours\u201d recipe<\/strong>, created exclusively for this gift set;<\/p>\n<\/li>\n<li data-start=\"877\" data-end=\"931\">\n<p data-start=\"879\" data-end=\"931\"><strong data-start=\"879\" data-end=\"923\">An exclusive TSF enamelled signature mug<\/strong>, 15 oz;<\/p>\n<\/li>\n<li data-start=\"932\" data-end=\"1038\">\n<p data-start=\"934\" data-end=\"1038\"><strong data-start=\"934\" data-end=\"953\">Our TSF novelty<\/strong>: coffee beans coated in a delicious trio of chocolates\u2014dark, milk, and white, 200 g;<\/p>\n<\/li>\n<\/ul>\n<p>&nbsp;<\/p>\n<p><img decoding=\"async\" class=\"alignnone wp-image-4366 size-full\" src=\"https:\/\/torrefacteursansfrontiere.com\/wp-content\/uploads\/2021\/03\/sumatra-label-torrefacteur-grains-veloute-moulu-espresso-brulerie.jpg\" alt=\"caf\u00e9 sumatra\" width=\"425\" height=\"175\" srcset=\"https:\/\/torrefacteursansfrontiere.com\/wp-content\/uploads\/2021\/03\/sumatra-label-torrefacteur-grains-veloute-moulu-espresso-brulerie-200x82.jpg 200w, https:\/\/torrefacteursansfrontiere.com\/wp-content\/uploads\/2021\/03\/sumatra-label-torrefacteur-grains-veloute-moulu-espresso-brulerie-300x124.jpg 300w, https:\/\/torrefacteursansfrontiere.com\/wp-content\/uploads\/2021\/03\/sumatra-label-torrefacteur-grains-veloute-moulu-espresso-brulerie-400x165.jpg 400w, https:\/\/torrefacteursansfrontiere.com\/wp-content\/uploads\/2021\/03\/sumatra-label-torrefacteur-grains-veloute-moulu-espresso-brulerie.jpg 425w\" sizes=\"(max-width: 425px) 100vw, 425px\" \/><\/p>\n<p>&nbsp;<\/p>\n","protected":false},"excerpt":{"rendered":"[fusion_checklist icon=\"fa-certificate fas\" iconcolor=\"\" circle=\"\" circlecolor=\"\" size=\"\" divider=\"\" divider_color=\"\" hide_on_mobile=\"small-visibility,medium-visibility,large-visibility\" class=\"\" id=\"\"]<br \/>\n[fusion_checklist icon=\"fa-check fas\" iconcolor=\"\" circle=\"\" circlecolor=\"\" size=\"\" divider=\"\" divider_color=\"\" hide_on_mobile=\"small-visibility,medium-visibility,large-visibility\" class=\"\" id=\"\"][fusion_li_item icon=\"\"]Bean coffee maker[\/fusion_li_item]<br \/>\n[fusion_li_item icon=\"\"]<span style=\"color: #686868;\">Expresso<\/span>[\/fusion_li_item]<br \/>\n[fusion_li_item icon=\"\"]Automatic filter coffee maker[\/fusion_li_item]<br \/>\n[fusion_li_item icon=\"\"]Infusion (Percolator &#8211; French press)[\/fusion_li_item][\/fusion_checklist]\n","protected":false},"featured_media":9018,"comment_status":"open","ping_status":"closed","template":"","meta":[],"product_brand":[],"product_cat":[52],"product_tag":[],"class_list":{"0":"post-9023","1":"product","2":"type-product","3":"status-publish","4":"has-post-thumbnail","6":"product_cat-coffee","8":"first","9":"instock","10":"purchasable","11":"product-type-variable"},"yoast_head":"<!-- This site is optimized with the Yoast SEO plugin v26.9 - https:\/\/yoast.com\/product\/yoast-seo-wordpress\/ -->\n<title>Fronti\u00e8re Automne - Gift box - Torr\u00e9facteur sans fronti\u00e8re<\/title>\n<meta name=\"description\" content=\"Le caf\u00e9 Sumatra, cors\u00e9, riche et sans acidit\u00e9 est un des grands pr\u00e9f\u00e9r\u00e9s en raison de son go\u00fbt unique. Notes chocolat\u00e9es et cacao.\" \/>\n<meta name=\"robots\" content=\"index, follow, max-snippet:-1, max-image-preview:large, max-video-preview:-1\" \/>\n<link rel=\"canonical\" href=\"https:\/\/torrefacteursansfrontiere.com\/en\/produit\/frontiere-automne-gift-box\/\" \/>\n<meta property=\"og:locale\" content=\"en_US\" \/>\n<meta property=\"og:type\" content=\"article\" \/>\n<meta property=\"og:title\" content=\"Fronti\u00e8re Automne - Gift box - Torr\u00e9facteur sans fronti\u00e8re\" \/>\n<meta property=\"og:description\" content=\"Le caf\u00e9 Sumatra, cors\u00e9, riche et sans acidit\u00e9 est un des grands pr\u00e9f\u00e9r\u00e9s en raison de son go\u00fbt unique. Notes chocolat\u00e9es et cacao.\" \/>\n<meta property=\"og:url\" content=\"https:\/\/torrefacteursansfrontiere.com\/en\/produit\/frontiere-automne-gift-box\/\" \/>\n<meta property=\"og:site_name\" content=\"Torr\u00e9facteur sans fronti\u00e8re\" \/>\n<meta property=\"article:publisher\" content=\"https:\/\/www.facebook.com\/torrefacteursansfrontiere\" \/>\n<meta property=\"article:modified_time\" content=\"2025-08-28T22:42:39+00:00\" \/>\n<meta property=\"og:image\" content=\"https:\/\/torrefacteursansfrontiere.com\/wp-content\/uploads\/2025\/08\/coffret-automne-sumatra-cafe-chocolat-tasse.webp\" \/>\n\t<meta property=\"og:image:width\" content=\"1500\" \/>\n\t<meta property=\"og:image:height\" content=\"1000\" \/>\n\t<meta property=\"og:image:type\" content=\"image\/webp\" \/>\n<meta name=\"twitter:card\" content=\"summary_large_image\" \/>\n<meta name=\"twitter:label1\" content=\"Est. reading time\" \/>\n\t<meta name=\"twitter:data1\" content=\"1 minute\" \/>\n<script type=\"application\/ld+json\" class=\"yoast-schema-graph\">{\"@context\":\"https:\/\/schema.org\",\"@graph\":[{\"@type\":\"WebPage\",\"@id\":\"https:\/\/torrefacteursansfrontiere.com\/en\/produit\/frontiere-automne-gift-box\/\",\"url\":\"https:\/\/torrefacteursansfrontiere.com\/en\/produit\/frontiere-automne-gift-box\/\",\"name\":\"Fronti\u00e8re Automne - Gift box - Torr\u00e9facteur sans fronti\u00e8re\",\"isPartOf\":{\"@id\":\"https:\/\/torrefacteursansfrontiere.com\/#website\"},\"primaryImageOfPage\":{\"@id\":\"https:\/\/torrefacteursansfrontiere.com\/en\/produit\/frontiere-automne-gift-box\/#primaryimage\"},\"image\":{\"@id\":\"https:\/\/torrefacteursansfrontiere.com\/en\/produit\/frontiere-automne-gift-box\/#primaryimage\"},\"thumbnailUrl\":\"https:\/\/torrefacteursansfrontiere.com\/wp-content\/uploads\/2025\/08\/coffret-automne-sumatra-cafe-chocolat-tasse.webp\",\"datePublished\":\"2025-08-27T20:41:42+00:00\",\"dateModified\":\"2025-08-28T22:42:39+00:00\",\"description\":\"Le caf\u00e9 Sumatra, cors\u00e9, riche et sans acidit\u00e9 est un des grands pr\u00e9f\u00e9r\u00e9s en raison de son go\u00fbt unique. Notes chocolat\u00e9es et cacao.\",\"breadcrumb\":{\"@id\":\"https:\/\/torrefacteursansfrontiere.com\/en\/produit\/frontiere-automne-gift-box\/#breadcrumb\"},\"inLanguage\":\"en-US\",\"potentialAction\":[{\"@type\":\"ReadAction\",\"target\":[\"https:\/\/torrefacteursansfrontiere.com\/en\/produit\/frontiere-automne-gift-box\/\"]}]},{\"@type\":\"ImageObject\",\"inLanguage\":\"en-US\",\"@id\":\"https:\/\/torrefacteursansfrontiere.com\/en\/produit\/frontiere-automne-gift-box\/#primaryimage\",\"url\":\"https:\/\/torrefacteursansfrontiere.com\/wp-content\/uploads\/2025\/08\/coffret-automne-sumatra-cafe-chocolat-tasse.webp\",\"contentUrl\":\"https:\/\/torrefacteursansfrontiere.com\/wp-content\/uploads\/2025\/08\/coffret-automne-sumatra-cafe-chocolat-tasse.webp\",\"width\":1500,\"height\":1000},{\"@type\":\"BreadcrumbList\",\"@id\":\"https:\/\/torrefacteursansfrontiere.com\/en\/produit\/frontiere-automne-gift-box\/#breadcrumb\",\"itemListElement\":[{\"@type\":\"ListItem\",\"position\":1,\"name\":\"Accueil\",\"item\":\"https:\/\/torrefacteursansfrontiere.com\/en\/\"},{\"@type\":\"ListItem\",\"position\":2,\"name\":\"Shop\",\"item\":\"https:\/\/torrefacteursansfrontiere.com\/en\/shop\/\"},{\"@type\":\"ListItem\",\"position\":3,\"name\":\"Fronti\u00e8re Automne &#8211; Gift Box\"}]},{\"@type\":\"WebSite\",\"@id\":\"https:\/\/torrefacteursansfrontiere.com\/#website\",\"url\":\"https:\/\/torrefacteursansfrontiere.com\/\",\"name\":\"Torr\u00e9facteur sans fronti\u00e8re\",\"description\":\"Torr\u00e9facteur sans fronti\u00e8re\",\"publisher\":{\"@id\":\"https:\/\/torrefacteursansfrontiere.com\/#organization\"},\"potentialAction\":[{\"@type\":\"SearchAction\",\"target\":{\"@type\":\"EntryPoint\",\"urlTemplate\":\"https:\/\/torrefacteursansfrontiere.com\/?s={search_term_string}\"},\"query-input\":{\"@type\":\"PropertyValueSpecification\",\"valueRequired\":true,\"valueName\":\"search_term_string\"}}],\"inLanguage\":\"en-US\"},{\"@type\":\"Organization\",\"@id\":\"https:\/\/torrefacteursansfrontiere.com\/#organization\",\"name\":\"Torr\u00e9facteur sans fronti\u00e8re\",\"url\":\"https:\/\/torrefacteursansfrontiere.com\/\",\"logo\":{\"@type\":\"ImageObject\",\"inLanguage\":\"en-US\",\"@id\":\"https:\/\/torrefacteursansfrontiere.com\/#\/schema\/logo\/image\/\",\"url\":\"https:\/\/torrefacteursansfrontiere.com\/wp-content\/uploads\/2021\/11\/ptb-frais-veloute-chaga-moulu-espresso-torrefaction-torrefacteur.jpg\",\"contentUrl\":\"https:\/\/torrefacteursansfrontiere.com\/wp-content\/uploads\/2021\/11\/ptb-frais-veloute-chaga-moulu-espresso-torrefaction-torrefacteur.jpg\",\"width\":1920,\"height\":900,\"caption\":\"Torr\u00e9facteur sans fronti\u00e8re\"},\"image\":{\"@id\":\"https:\/\/torrefacteursansfrontiere.com\/#\/schema\/logo\/image\/\"},\"sameAs\":[\"https:\/\/www.facebook.com\/torrefacteursansfrontiere\",\"https:\/\/www.instagram.com\/torrefacteursansfrontiere\"]}]}<\/script>\n<!-- \/ Yoast SEO plugin. -->","yoast_head_json":{"title":"Fronti\u00e8re Automne - Gift box - Torr\u00e9facteur sans fronti\u00e8re","description":"Le caf\u00e9 Sumatra, cors\u00e9, riche et sans acidit\u00e9 est un des grands pr\u00e9f\u00e9r\u00e9s en raison de son go\u00fbt unique. Notes chocolat\u00e9es et cacao.","robots":{"index":"index","follow":"follow","max-snippet":"max-snippet:-1","max-image-preview":"max-image-preview:large","max-video-preview":"max-video-preview:-1"},"canonical":"https:\/\/torrefacteursansfrontiere.com\/en\/produit\/frontiere-automne-gift-box\/","og_locale":"en_US","og_type":"article","og_title":"Fronti\u00e8re Automne - Gift box - Torr\u00e9facteur sans fronti\u00e8re","og_description":"Le caf\u00e9 Sumatra, cors\u00e9, riche et sans acidit\u00e9 est un des grands pr\u00e9f\u00e9r\u00e9s en raison de son go\u00fbt unique. Notes chocolat\u00e9es et cacao.","og_url":"https:\/\/torrefacteursansfrontiere.com\/en\/produit\/frontiere-automne-gift-box\/","og_site_name":"Torr\u00e9facteur sans fronti\u00e8re","article_publisher":"https:\/\/www.facebook.com\/torrefacteursansfrontiere","article_modified_time":"2025-08-28T22:42:39+00:00","og_image":[{"width":1500,"height":1000,"url":"https:\/\/torrefacteursansfrontiere.com\/wp-content\/uploads\/2025\/08\/coffret-automne-sumatra-cafe-chocolat-tasse.webp","type":"image\/webp"}],"twitter_card":"summary_large_image","twitter_misc":{"Est. reading time":"1 minute"},"schema":{"@context":"https:\/\/schema.org","@graph":[{"@type":"WebPage","@id":"https:\/\/torrefacteursansfrontiere.com\/en\/produit\/frontiere-automne-gift-box\/","url":"https:\/\/torrefacteursansfrontiere.com\/en\/produit\/frontiere-automne-gift-box\/","name":"Fronti\u00e8re Automne - Gift box - Torr\u00e9facteur sans fronti\u00e8re","isPartOf":{"@id":"https:\/\/torrefacteursansfrontiere.com\/#website"},"primaryImageOfPage":{"@id":"https:\/\/torrefacteursansfrontiere.com\/en\/produit\/frontiere-automne-gift-box\/#primaryimage"},"image":{"@id":"https:\/\/torrefacteursansfrontiere.com\/en\/produit\/frontiere-automne-gift-box\/#primaryimage"},"thumbnailUrl":"https:\/\/torrefacteursansfrontiere.com\/wp-content\/uploads\/2025\/08\/coffret-automne-sumatra-cafe-chocolat-tasse.webp","datePublished":"2025-08-27T20:41:42+00:00","dateModified":"2025-08-28T22:42:39+00:00","description":"Le caf\u00e9 Sumatra, cors\u00e9, riche et sans acidit\u00e9 est un des grands pr\u00e9f\u00e9r\u00e9s en raison de son go\u00fbt unique. Notes chocolat\u00e9es et cacao.","breadcrumb":{"@id":"https:\/\/torrefacteursansfrontiere.com\/en\/produit\/frontiere-automne-gift-box\/#breadcrumb"},"inLanguage":"en-US","potentialAction":[{"@type":"ReadAction","target":["https:\/\/torrefacteursansfrontiere.com\/en\/produit\/frontiere-automne-gift-box\/"]}]},{"@type":"ImageObject","inLanguage":"en-US","@id":"https:\/\/torrefacteursansfrontiere.com\/en\/produit\/frontiere-automne-gift-box\/#primaryimage","url":"https:\/\/torrefacteursansfrontiere.com\/wp-content\/uploads\/2025\/08\/coffret-automne-sumatra-cafe-chocolat-tasse.webp","contentUrl":"https:\/\/torrefacteursansfrontiere.com\/wp-content\/uploads\/2025\/08\/coffret-automne-sumatra-cafe-chocolat-tasse.webp","width":1500,"height":1000},{"@type":"BreadcrumbList","@id":"https:\/\/torrefacteursansfrontiere.com\/en\/produit\/frontiere-automne-gift-box\/#breadcrumb","itemListElement":[{"@type":"ListItem","position":1,"name":"Accueil","item":"https:\/\/torrefacteursansfrontiere.com\/en\/"},{"@type":"ListItem","position":2,"name":"Shop","item":"https:\/\/torrefacteursansfrontiere.com\/en\/shop\/"},{"@type":"ListItem","position":3,"name":"Fronti\u00e8re Automne &#8211; Gift Box"}]},{"@type":"WebSite","@id":"https:\/\/torrefacteursansfrontiere.com\/#website","url":"https:\/\/torrefacteursansfrontiere.com\/","name":"Torr\u00e9facteur sans fronti\u00e8re","description":"Torr\u00e9facteur sans fronti\u00e8re","publisher":{"@id":"https:\/\/torrefacteursansfrontiere.com\/#organization"},"potentialAction":[{"@type":"SearchAction","target":{"@type":"EntryPoint","urlTemplate":"https:\/\/torrefacteursansfrontiere.com\/?s={search_term_string}"},"query-input":{"@type":"PropertyValueSpecification","valueRequired":true,"valueName":"search_term_string"}}],"inLanguage":"en-US"},{"@type":"Organization","@id":"https:\/\/torrefacteursansfrontiere.com\/#organization","name":"Torr\u00e9facteur sans fronti\u00e8re","url":"https:\/\/torrefacteursansfrontiere.com\/","logo":{"@type":"ImageObject","inLanguage":"en-US","@id":"https:\/\/torrefacteursansfrontiere.com\/#\/schema\/logo\/image\/","url":"https:\/\/torrefacteursansfrontiere.com\/wp-content\/uploads\/2021\/11\/ptb-frais-veloute-chaga-moulu-espresso-torrefaction-torrefacteur.jpg","contentUrl":"https:\/\/torrefacteursansfrontiere.com\/wp-content\/uploads\/2021\/11\/ptb-frais-veloute-chaga-moulu-espresso-torrefaction-torrefacteur.jpg","width":1920,"height":900,"caption":"Torr\u00e9facteur sans fronti\u00e8re"},"image":{"@id":"https:\/\/torrefacteursansfrontiere.com\/#\/schema\/logo\/image\/"},"sameAs":["https:\/\/www.facebook.com\/torrefacteursansfrontiere","https:\/\/www.instagram.com\/torrefacteursansfrontiere"]}]}},"_links":{"self":[{"href":"https:\/\/torrefacteursansfrontiere.com\/en\/wp-json\/wp\/v2\/product\/9023","targetHints":{"allow":["GET"]}}],"collection":[{"href":"https:\/\/torrefacteursansfrontiere.com\/en\/wp-json\/wp\/v2\/product"}],"about":[{"href":"https:\/\/torrefacteursansfrontiere.com\/en\/wp-json\/wp\/v2\/types\/product"}],"replies":[{"embeddable":true,"href":"https:\/\/torrefacteursansfrontiere.com\/en\/wp-json\/wp\/v2\/comments?post=9023"}],"wp:featuredmedia":[{"embeddable":true,"href":"https:\/\/torrefacteursansfrontiere.com\/en\/wp-json\/wp\/v2\/media\/9018"}],"wp:attachment":[{"href":"https:\/\/torrefacteursansfrontiere.com\/en\/wp-json\/wp\/v2\/media?parent=9023"}],"wp:term":[{"taxonomy":"product_brand","embeddable":true,"href":"https:\/\/torrefacteursansfrontiere.com\/en\/wp-json\/wp\/v2\/product_brand?post=9023"},{"taxonomy":"product_cat","embeddable":true,"href":"https:\/\/torrefacteursansfrontiere.com\/en\/wp-json\/wp\/v2\/product_cat?post=9023"},{"taxonomy":"product_tag","embeddable":true,"href":"https:\/\/torrefacteursansfrontiere.com\/en\/wp-json\/wp\/v2\/product_tag?post=9023"}],"curies":[{"name":"wp","href":"https:\/\/api.w.org\/{rel}","templated":true}]}}